{"id":12082,"date":"2025-04-17T09:47:00","date_gmt":"2025-04-17T13:47:00","guid":{"rendered":"https:\/\/futurpreneur.ca\/?page_id=12082"},"modified":"2025-04-30T13:37:01","modified_gmt":"2025-04-30T17:37:01","slug":"problemes-de-formulaire-de-candidature","status":"publish","type":"page","link":"https:\/\/futurpreneur.ca\/fr\/problemes-de-formulaire-de-candidature\/","title":{"rendered":"Soutien de candidature"},"content":{"rendered":"\n<div class=\"wp-block-group is-vertical is-layout-flex wp-container-core-group-is-layout-8cf370e7 wp-block-group-is-layout-flex\">\n<p><strong>Besoin d\u2019aide avec votre formulaire de candidature de Futurpreneur?<\/strong><br>Si vous avez besoin d\u2019aide \u00e0 remplir le formulaire, n\u2019h\u00e9sitez pas \u00e0 nous contacter. Envoyez-nous un courriel \u00e0 <a href=\"mailto:info@futurpreneur.ca\">info@futurpreneur.ca<\/a> ou appelez-nous au <strong>1-800-464-2923<\/strong>.<\/p>\n\n\n<p><!-- Button: Get Application Help --><br \/>\n<a href=\"mailto:info@futurpreneur.ca?subject=Aide%20avec%20le%20formulaire%20de%20candidature%20de%20Futurpreneur\" style=\"text-decoration: none;\"><br \/>\n  <button>Contactez-nous<\/button><br \/>\n<\/a><\/p>\n\n\n\n<p><\/p>\n\n\n\n<p><\/p>\n\n\n\n<p><\/p>\n\n\n\n<p class=\"has-text-align-left\"><strong>Vous rencontrez un probl\u00e8me technique?<\/strong>&nbsp;<br>Si vous recontrez un probl\u00e8me technique durant le processus de candidature, veuillez nous enyoyer un courriel \u00e0 l\u2019adresse suivante :<strong>\u202fportalbugs@futurpreneur.ca<\/strong>.&nbsp;<\/p>\n\n\n\n<p>Veuillez inclure les \u00e9l\u00e9ments suivants dans votre message :&nbsp;<\/p>\n\n\n\n<ul class=\"wp-block-list\">\n<li>Une br\u00e8ve description du probl\u00e8me&nbsp;<\/li>\n<\/ul>\n\n\n\n<ul class=\"wp-block-list\">\n<li>Votre nom d\u2019utilisateur&nbsp;<\/li>\n<\/ul>\n\n\n\n<ul class=\"wp-block-list\">\n<li>L\u2019adresse courriel associ\u00e9e \u00e0 votre compte&nbsp;<\/li>\n<\/ul>\n\n\n\n<ul class=\"wp-block-list\">\n<li>L\u2019adresse (URL) o\u00f9 le probl\u00e8me est survenu&nbsp;<\/li>\n<\/ul>\n\n\n\n<ul class=\"wp-block-list\">\n<li>Une capture d\u2019\u00e9cran ou une photo de l\u2019erreur (si possible)&nbsp;<\/li>\n<\/ul>\n\n\n\n<p>Notre \u00e9quipe de soutien vous r\u00e9pondra aussit\u00f4t que possible.<\/p>\n\n\n<p><!-- Button: Report a Technical Issue --><br \/>\n<a href=\"mailto:portalbugs@futurpreneur.ca?subject=Probl\u00e8me%20technique%20avec%20le%20processus%20de%20candidature%20Futurpreneur&#038;body=Bonjour%20l\u2019\u00e9quipe%20de%20soutien,%0D%0A%0D%0AJ\u2019ai%20rencontr\u00e9%20un%20probl\u00e8me%20technique%20durant%20le%20processus%20de%20candidature%20de%20Futurpreneur.%20Voici%20les%20d\u00e9tails%20:%0D%0A%0D%0ADescription%20du%20probl\u00e8me%20:%0D%0ANom%20d\u2019utilisateur%20:%0D%0AAdresse%20courriel%20associ\u00e9e%20au%20compte%20:%0D%0APage\/URL%20o\u00f9%20le%20probl\u00e8me%20est%20survenu%20:%0D%0ACapture%20d\u2019\u00e9cran%20(si%20disponible)%20:%0D%0A%0D%0AMerci.\"><br \/>\n  <button>Signaler un probl\u00e8me technique<\/button><br \/>\n<\/a><\/p>\n<\/div>\n\n\n\n<p><\/p>\n\n\n\n<p><\/p>\n\n\n\n<p><\/p>\n","protected":false},"excerpt":{"rendered":"<p>Besoin d\u2019aide avec votre formulaire de candidature de Futurpreneur?Si vous avez besoin d\u2019aide \u00e0 remplir le formulaire, n\u2019h\u00e9sitez pas \u00e0 nous contacter. Envoyez-nous un courriel \u00e0 info@futurpreneur.ca ou appelez-nous au 1-800-464-2923. Vous rencontrez un probl\u00e8me technique?&nbsp;Si vous recontrez un probl\u00e8me technique durant le processus de candidature, veuillez nous enyoyer un courriel \u00e0 l\u2019adresse suivante :\u202fportalbugs@futurpreneur.ca.&nbsp; [&hellip;]<\/p>\n","protected":false},"author":4,"featured_media":0,"parent":0,"menu_order":0,"comment_status":"closed","ping_status":"closed","template":"","meta":{"_acf_changed":false,"footnotes":""},"class_list":["post-12082","page","type-page","status-publish","hentry"],"acf":[],"_links":{"self":[{"href":"https:\/\/futurpreneur.ca\/fr\/wp-json\/wp\/v2\/pages\/12082","targetHints":{"allow":["GET"]}}],"collection":[{"href":"https:\/\/futurpreneur.ca\/fr\/wp-json\/wp\/v2\/pages"}],"about":[{"href":"https:\/\/futurpreneur.ca\/fr\/wp-json\/wp\/v2\/types\/page"}],"author":[{"embeddable":true,"href":"https:\/\/futurpreneur.ca\/fr\/wp-json\/wp\/v2\/users\/4"}],"replies":[{"embeddable":true,"href":"https:\/\/futurpreneur.ca\/fr\/wp-json\/wp\/v2\/comments?post=12082"}],"version-history":[{"count":0,"href":"https:\/\/futurpreneur.ca\/fr\/wp-json\/wp\/v2\/pages\/12082\/revisions"}],"wp:attachment":[{"href":"https:\/\/futurpreneur.ca\/fr\/wp-json\/wp\/v2\/media?parent=12082"}],"curies":[{"name":"wp","href":"https:\/\/api.w.org\/{rel}","templated":true}]}}