{"id":13290,"date":"2025-10-17T13:19:02","date_gmt":"2025-10-17T17:19:02","guid":{"rendered":"https:\/\/futurpreneur.ca\/?page_id=13290"},"modified":"2025-11-12T08:14:28","modified_gmt":"2025-11-12T13:14:28","slug":"nuances","status":"publish","type":"page","link":"https:\/\/futurpreneur.ca\/fr\/nuances\/","title":{"rendered":"BESP Docuseries FR"},"content":{"rendered":"\n\t<section class=\"alignfull header-block \" aria-labelledby=\"header-title\">\n\t\t<!-- Simple Header -->\n\t\t\t\t<!-- Header with an Image -->\n\t\t\t\t\t<div class=\"main-grid\">\n\t\t\t\t<div class=\"main-grid__margin\"><\/div>\n\t\t\t\t<div class=\"header-with-image\">\n\t\t\t\t\t<div class=\"header-with-image__text\">\n\t\t\t\t\t\t<h1 id=\"header-title\">Les nuances du succ\u00e8s<\/h1>\n\t\t\t\t\t\t<p>D\u00e9couvrez les histoires d\u2019entrepreneur.e.s noir.e.s qui transforment leur ambition en impact.\r\nUne docu-s\u00e9rie de Futurpreneur, cr\u00e9\u00e9e dans le cadre du Programme de d\u00e9marrage pour entrepreneur.e.s noir.e.s, financ\u00e9 par RBC, avec un financement suppl\u00e9mentaire de BDC.\r\n\r\n<\/p>\n\t\t\t\t\t\t\t\t\t\t\t\t\t<a id=\"header-block-button\" href=\"https:\/\/www.youtube.com\/watch?v=2m4Cc0yqLQw&#038;list=PLBMrhkX6a7b_B-_CaYSoPaJvdqfTbge__\" class=\"button header-with-image__text__button\" target=\"_blank\">\n\t\t\t\t\t\t\t\tRegardez d\u00e8s maintenant\t\t\t\t\t\t\t<\/a>\n\t\t\t\t\t\t\t\t\t\t\t<\/div>\n\t\t\t\t\t<div class=\"header-with-image__image fly-out-caption__trigger\" tabindex=\"0\" role=\"group\" aria-labelledby=\"caption1 caption2\">\n\t\t\t\t\t\t<div class=\"aspect-ratio-box\">\n\t\t\t\t\t\t\t\t\t\t\t\t\t\t\t<img loading=\"lazy\" decoding=\"async\" width=\"1024\" height=\"650\" src=\"https:\/\/futurpreneur.ca\/wp-content\/uploads\/2025\/10\/Capture-1-1-1024x650.png\" class=\"attachment-large size-large\" alt=\"\" srcset=\"https:\/\/futurpreneur.ca\/wp-content\/uploads\/2025\/10\/Capture-1-1-1024x650.png 1024w, https:\/\/futurpreneur.ca\/wp-content\/uploads\/2025\/10\/Capture-1-1-300x190.png 300w, https:\/\/futurpreneur.ca\/wp-content\/uploads\/2025\/10\/Capture-1-1-768x487.png 768w, https:\/\/futurpreneur.ca\/wp-content\/uploads\/2025\/10\/Capture-1-1.png 1357w\" sizes=\"auto, (max-width: 1024px) 100vw, 1024px\" \/>\t\t\t\t\t\t\t\t\t\t\t\t\t<\/div>\n\t\t\t\t\t\t\t\t\t\t\t<\/div>\n\t\t\t\t<\/div>\n\t\t\t\t<div class=\"main-grid__margin\"><\/div>\n\t\t\t<\/div>\n\t\t\t\t<!-- Header with Partners -->\n\t\t\t\t<!-- Header with Video -->\n\t\t\t<\/section>\n\n\n\n\t<section class=\"alignfull program-sub-nav-block\" aria-labelledby=\"program-sub-nav-block-title\">\n\t\t<div class=\"main-grid\">\n\t\t\t<div class=\"main-grid__margin\"><\/div>\n\t\t\t<div class=\"main-grid__body program-sub-nav\">\n\t\t\t\t\t\t\t\t\t<a href=\"https:\/\/futurpreneur.ca\/fr\/nuances\/\" class=\"button active\">\n\t\t\t\t\t\t\u00c0 propos\t\t\t\t\t<\/a>\n\t\t\t\t\t\t\t\t\t\t\t\t\t\t\t\t\t\t\t\t\t\t\t\t<a href=\"https:\/\/futurpreneur.ca\/fr\/nuances\/episode-1-michele\/\" class=\"button \">\n\t\t\t\t\t\t\t\u00c9pisode 1: Michele\u00a0\t\t\t\t\t\t<\/a>\n\t\t\t\t\t\t\t\t\t\t\t\t\t\t\t\t\t\t\t\t\t\t\t\t\t<a href=\"https:\/\/futurpreneur.ca\/fr\/nuances\/episode-2-bilqees\/\" class=\"button \">\n\t\t\t\t\t\t\t\u00c9pisode 2: Bilqees\t\t\t\t\t\t<\/a>\n\t\t\t\t\t\t\t\t\t\t\t\t\t\t\t\t\t\t\t\t\t\t\t\t\t<a href=\"https:\/\/futurpreneur.ca\/fr\/nuances\/episode-3-arold-cecile\/\" class=\"button \">\n\t\t\t\t\t\t\t\u00c9pisode 3: Arold &amp; C\u00e9cile\t\t\t\t\t\t<\/a>\n\t\t\t\t\t\t\t\t\t\t\t\t\t\t\t\t\t\t\t\t\t\t\t\t\t<a href=\"https:\/\/futurpreneur.ca\/fr\/nuances\/episode-4-david\/\" class=\"button \">\n\t\t\t\t\t\t\t\u00c9pisode 4: David\t\t\t\t\t\t<\/a>\n\t\t\t\t\t\t\t\t\t\t\t\t\t\t\t\t\t\t\t\t\t\t\t\t\t<a href=\"https:\/\/futurpreneur.ca\/fr\/nuances\/episode-5-nicole\/\" class=\"button \">\n\t\t\t\t\t\t\t\u00c9pisode 5: Nicole\t\t\t\t\t\t<\/a>\n\t\t\t\t\t\t\t\t\t\t\t\t\t\t\t\t<\/div>\n\t\t\t<div class=\"main-grid__margin\"><\/div>\n\t\t<\/div>\n\t<\/section>\n\n\n\n<div class=\"wp-block-group is-nowrap is-layout-flex wp-container-core-group-is-layout-ad2f72ca wp-block-group-is-layout-flex\">\n<figure class=\"wp-block-image size-large is-resized\"><img loading=\"lazy\" decoding=\"async\" width=\"1024\" height=\"570\" src=\"https:\/\/futurpreneur.ca\/wp-content\/uploads\/2025\/10\/SoS-1024x570.png\" alt=\"\" class=\"wp-image-13302\" style=\"width:294px;height:auto\" srcset=\"https:\/\/futurpreneur.ca\/wp-content\/uploads\/2025\/10\/SoS-1024x570.png 1024w, https:\/\/futurpreneur.ca\/wp-content\/uploads\/2025\/10\/SoS-300x167.png 300w, https:\/\/futurpreneur.ca\/wp-content\/uploads\/2025\/10\/SoS-768x428.png 768w, https:\/\/futurpreneur.ca\/wp-content\/uploads\/2025\/10\/SoS-1536x855.png 1536w, https:\/\/futurpreneur.ca\/wp-content\/uploads\/2025\/10\/SoS.png 1909w\" sizes=\"auto, (max-width: 1024px) 100vw, 1024px\" \/><\/figure>\n\n\n\n<p>Shades of Success (les nuances du succ\u00e8s en fran\u00e7ais) est une docu-s\u00e9rie percutante sign\u00e9e Futurpreneur, produite en collaboration avec NA&amp;CO, qui c\u00e9l\u00e8bre la cr\u00e9ativit\u00e9, la r\u00e9silience et l\u2019esprit communautaire des entrepreneur.e.s noir.e.s \u00e0 travers le Canada.<br><br>\u00c0 travers cinq \u00e9pisodes, la s\u00e9rie met en lumi\u00e8re des parcours authentiques de fondateur.rice.s qui transforment des id\u00e9es audacieuses en entreprises florissantes.<br>Cr\u00e9\u00e9e dans le cadre du Programme de d\u00e9marrage pour entrepreneur.e.s noir.e.s  de Futurpreneur, financ\u00e9 par RBC, <em>Nuances du succ\u00e8s<\/em> met de l\u2019avant des voix sous-repr\u00e9sent\u00e9es et inspire la prochaine g\u00e9n\u00e9ration \u00e0 se reconna\u00eetre dans l\u2019entrepreneuriat.<\/p>\n<\/div>\n\n\n\n<figure class=\"wp-block-image aligncenter size-large is-resized\"><img loading=\"lazy\" decoding=\"async\" width=\"1024\" height=\"853\" src=\"https:\/\/futurpreneur.ca\/wp-content\/uploads\/2025\/10\/BESP-BDC-lockup-FR-Black-1024x853.png\" alt=\"\" class=\"wp-image-13361\" style=\"width:173px;height:auto\" srcset=\"https:\/\/futurpreneur.ca\/wp-content\/uploads\/2025\/10\/BESP-BDC-lockup-FR-Black-1024x853.png 1024w, https:\/\/futurpreneur.ca\/wp-content\/uploads\/2025\/10\/BESP-BDC-lockup-FR-Black-300x250.png 300w, https:\/\/futurpreneur.ca\/wp-content\/uploads\/2025\/10\/BESP-BDC-lockup-FR-Black-768x640.png 768w, https:\/\/futurpreneur.ca\/wp-content\/uploads\/2025\/10\/BESP-BDC-lockup-FR-Black-1536x1280.png 1536w, https:\/\/futurpreneur.ca\/wp-content\/uploads\/2025\/10\/BESP-BDC-lockup-FR-Black-2048x1707.png 2048w\" sizes=\"auto, (max-width: 1024px) 100vw, 1024px\" \/><\/figure>\n\n\n\n<p><\/p>\n","protected":false},"excerpt":{"rendered":"<p>Shades of Success (les nuances du succ\u00e8s en fran\u00e7ais) est une docu-s\u00e9rie percutante sign\u00e9e Futurpreneur, produite en collaboration avec NA&amp;CO, qui c\u00e9l\u00e8bre la cr\u00e9ativit\u00e9, la r\u00e9silience et l\u2019esprit communautaire des entrepreneur.e.s noir.e.s \u00e0 travers le Canada. \u00c0 travers cinq \u00e9pisodes, la s\u00e9rie met en lumi\u00e8re des parcours authentiques de fondateur.rice.s qui transforment des id\u00e9es audacieuses [&hellip;]<\/p>\n","protected":false},"author":5,"featured_media":0,"parent":0,"menu_order":0,"comment_status":"closed","ping_status":"closed","template":"","meta":{"_acf_changed":true,"footnotes":""},"class_list":["post-13290","page","type-page","status-publish","hentry"],"acf":[],"_links":{"self":[{"href":"https:\/\/futurpreneur.ca\/fr\/wp-json\/wp\/v2\/pages\/13290","targetHints":{"allow":["GET"]}}],"collection":[{"href":"https:\/\/futurpreneur.ca\/fr\/wp-json\/wp\/v2\/pages"}],"about":[{"href":"https:\/\/futurpreneur.ca\/fr\/wp-json\/wp\/v2\/types\/page"}],"author":[{"embeddable":true,"href":"https:\/\/futurpreneur.ca\/fr\/wp-json\/wp\/v2\/users\/5"}],"replies":[{"embeddable":true,"href":"https:\/\/futurpreneur.ca\/fr\/wp-json\/wp\/v2\/comments?post=13290"}],"version-history":[{"count":0,"href":"https:\/\/futurpreneur.ca\/fr\/wp-json\/wp\/v2\/pages\/13290\/revisions"}],"wp:attachment":[{"href":"https:\/\/futurpreneur.ca\/fr\/wp-json\/wp\/v2\/media?parent=13290"}],"curies":[{"name":"wp","href":"https:\/\/api.w.org\/{rel}","templated":true}]}}