{"id":13295,"date":"2025-10-17T13:30:59","date_gmt":"2025-10-17T17:30:59","guid":{"rendered":"https:\/\/futurpreneur.ca\/?page_id=13295"},"modified":"2025-11-12T08:17:17","modified_gmt":"2025-11-12T13:17:17","slug":"episode-5-nicole","status":"publish","type":"page","link":"https:\/\/futurpreneur.ca\/fr\/nuances\/episode-5-nicole\/","title":{"rendered":"\u00c9pisode 5: Nicole"},"content":{"rendered":"\n\t<section class=\"alignfull header-block \" aria-labelledby=\"header-title\">\n\t\t<!-- Simple Header -->\n\t\t\t\t<!-- Header with an Image -->\n\t\t\t\t\t<div class=\"main-grid\">\n\t\t\t\t<div class=\"main-grid__margin\"><\/div>\n\t\t\t\t<div class=\"header-with-image\">\n\t\t\t\t\t<div class=\"header-with-image__text\">\n\t\t\t\t\t\t<h1 id=\"header-title\">Les nuances du succ\u00e8s<\/h1>\n\t\t\t\t\t\t<p>D\u00e9couvrez les histoires d\u2019entrepreneur.e.s noir.e.s qui transforment leur ambition en impact. Une docu-s\u00e9rie de Futurpreneur, cr\u00e9\u00e9e dans le cadre du Programme de d\u00e9marrage pour entrepreneur.e.s noir.e.s, financ\u00e9 par RBC, avec un financement suppl\u00e9mentaire de BDC.\r\n<\/p>\n\t\t\t\t\t\t\t\t\t\t\t\t\t<a id=\"header-block-button\" href=\"https:\/\/www.youtube.com\/watch?v=2m4Cc0yqLQw&#038;list=PLBMrhkX6a7b_B-_CaYSoPaJvdqfTbge__\" class=\"button header-with-image__text__button\" target=\"_blank\">\n\t\t\t\t\t\t\t\tRegardez d\u00e8s maintenant\t\t\t\t\t\t\t<\/a>\n\t\t\t\t\t\t\t\t\t\t\t<\/div>\n\t\t\t\t\t<div class=\"header-with-image__image fly-out-caption__trigger\" tabindex=\"0\" role=\"group\" aria-labelledby=\"caption1 caption2\">\n\t\t\t\t\t\t<div class=\"aspect-ratio-box\">\n\t\t\t\t\t\t\t\t\t\t\t\t\t\t\t<img loading=\"lazy\" decoding=\"async\" width=\"1024\" height=\"650\" src=\"https:\/\/futurpreneur.ca\/wp-content\/uploads\/2025\/10\/Capture-1-1-1024x650.png\" class=\"attachment-large size-large\" alt=\"\" srcset=\"https:\/\/futurpreneur.ca\/wp-content\/uploads\/2025\/10\/Capture-1-1-1024x650.png 1024w, https:\/\/futurpreneur.ca\/wp-content\/uploads\/2025\/10\/Capture-1-1-300x190.png 300w, https:\/\/futurpreneur.ca\/wp-content\/uploads\/2025\/10\/Capture-1-1-768x487.png 768w, https:\/\/futurpreneur.ca\/wp-content\/uploads\/2025\/10\/Capture-1-1.png 1357w\" sizes=\"auto, (max-width: 1024px) 100vw, 1024px\" \/>\t\t\t\t\t\t\t\t\t\t\t\t\t<\/div>\n\t\t\t\t\t\t\t\t\t\t\t<\/div>\n\t\t\t\t<\/div>\n\t\t\t\t<div class=\"main-grid__margin\"><\/div>\n\t\t\t<\/div>\n\t\t\t\t<!-- Header with Partners -->\n\t\t\t\t<!-- Header with Video -->\n\t\t\t<\/section>\n\n\n\n\t<section class=\"alignfull program-sub-nav-block\" aria-labelledby=\"program-sub-nav-block-title\">\n\t\t<div class=\"main-grid\">\n\t\t\t<div class=\"main-grid__margin\"><\/div>\n\t\t\t<div class=\"main-grid__body program-sub-nav\">\n\t\t\t\t\t\t\t\t\t<a href=\"https:\/\/futurpreneur.ca\/fr\/nuances\/\" class=\"button \">\n\t\t\t\t\t\t\u00c0 propos\t\t\t\t\t<\/a>\n\t\t\t\t\t\t\t\t\t\t\t\t\t\t\t\t\t\t\t\t\t\t\t\t<a href=\"https:\/\/futurpreneur.ca\/fr\/nuances\/episode-1-michele\/\" class=\"button \">\n\t\t\t\t\t\t\t\u00c9pisode 1: Michele\u00a0\t\t\t\t\t\t<\/a>\n\t\t\t\t\t\t\t\t\t\t\t\t\t\t\t\t\t\t\t\t\t\t\t\t\t<a href=\"https:\/\/futurpreneur.ca\/fr\/nuances\/episode-2-bilqees\/\" class=\"button \">\n\t\t\t\t\t\t\t\u00c9pisode 2: Bilqees\t\t\t\t\t\t<\/a>\n\t\t\t\t\t\t\t\t\t\t\t\t\t\t\t\t\t\t\t\t\t\t\t\t\t<a href=\"https:\/\/futurpreneur.ca\/fr\/nuances\/episode-3-arold-cecile\/\" class=\"button \">\n\t\t\t\t\t\t\t\u00c9pisode 3: Arold &amp; C\u00e9cile\t\t\t\t\t\t<\/a>\n\t\t\t\t\t\t\t\t\t\t\t\t\t\t\t\t\t\t\t\t\t\t\t\t\t<a href=\"https:\/\/futurpreneur.ca\/fr\/nuances\/episode-4-david\/\" class=\"button \">\n\t\t\t\t\t\t\t\u00c9pisode 4: David\t\t\t\t\t\t<\/a>\n\t\t\t\t\t\t\t\t\t\t\t\t\t\t\t\t\t\t\t\t\t\t\t\t\t<a href=\"https:\/\/futurpreneur.ca\/fr\/nuances\/episode-5-nicole\/\" class=\"button active\">\n\t\t\t\t\t\t\t\u00c9pisode 5: Nicole\t\t\t\t\t\t<\/a>\n\t\t\t\t\t\t\t\t\t\t\t\t\t\t\t\t<\/div>\n\t\t\t<div class=\"main-grid__margin\"><\/div>\n\t\t<\/div>\n\t<\/section>\n\n\n\n<div class=\"wp-block-columns is-layout-flex wp-container-core-columns-is-layout-9d6595d7 wp-block-columns-is-layout-flex\">\n<div class=\"wp-block-column is-layout-flow wp-block-column-is-layout-flow\">\n<h2 class=\"wp-block-heading\">\u00c9pisode 5: Nicole<\/h2>\n\n\n\n<p>\u00c0 travers des initiatives comme BLAXPO et Four Brown Girls, Nicole Antoine a consacr\u00e9 sa carri\u00e8re \u00e0 amplifier les voix sous-repr\u00e9sent\u00e9es et \u00e0 cr\u00e9er des communaut\u00e9s gr\u00e2ce au marketing exp\u00e9rientiel. Son parcours met en lumi\u00e8re le leadership, l\u2019innovation et l\u2019entrepreneuriat ax\u00e9 sur une mission. D\u00e9couvrez son histoire inspirante dans l\u2019\u00c9pisode 5 de Shades of Success..&nbsp;<\/p>\n<\/div>\n\n\n\n<div class=\"wp-block-column is-layout-flow wp-block-column-is-layout-flow\">\n<figure class=\"wp-block-embed is-type-video is-provider-youtube wp-block-embed-youtube wp-embed-aspect-16-9 wp-has-aspect-ratio\"><div class=\"wp-block-embed__wrapper\">\n<iframe loading=\"lazy\" title=\"Shades of Success: A BESP docuseries from Futurpreneur \uff5c Episode 5: Nicole Antoine\" width=\"500\" height=\"281\" src=\"https:\/\/www.youtube.com\/embed\/gUX-YfavUPg?feature=oembed\" frameborder=\"0\" allow=\"accelerometer; autoplay; clipboard-write; encrypted-media; gyroscope; picture-in-picture; web-share\" referrerpolicy=\"strict-origin-when-cross-origin\" allowfullscreen><\/iframe>\n<\/div><\/figure>\n<\/div>\n<\/div>\n\n\n\n\t<section class=\"large-cta\" aria-labelledby=\"large-cta__title\">\n\t\t<div class=\"large-cta__wrapper\">\n\t\t\t<div class=\"large-cta__main-content\">\n\t\t\t\t<div class=\"large-cta__graphics\">\n\t\t\t\t\t<svg width=\"678\" height=\"287\" viewBox=\"0 0 678 287\" fill=\"none\" xmlns=\"http:\/\/www.w3.org\/2000\/svg\">\n<g clip-path=\"url(#clip0_1714_4043)\">\n<path d=\"M71.6714 154.302C55.1727 154.302 41.7978 167.677 41.7978 184.176C41.7978 200.674 55.1727 214.049 71.6714 214.049C88.1701 214.049 101.545 200.674 101.545 184.176C101.545 167.677 88.1701 154.302 71.6714 154.302Z\" fill=\"#EFF5E7\"\/>\n<path d=\"M184.72 41.254C168.222 41.254 154.847 54.6288 154.847 71.1275C154.847 87.6262 168.222 101.001 184.72 101.001C201.219 101.001 214.594 87.6262 214.594 71.1275C214.594 54.6288 201.219 41.254 184.72 41.254Z\" fill=\"#EFF5E7\"\/>\n<path d=\"M339.066 6.48499e-05C322.567 6.48499e-05 309.192 13.3748 309.192 29.8735C309.192 46.3722 322.567 59.7471 339.066 59.7471C355.565 59.7471 368.939 46.3722 368.939 29.8735C368.939 13.3748 355.565 6.48499e-05 339.066 6.48499e-05Z\" fill=\"#EFF5E7\"\/>\n<path d=\"M493.369 41.3428C476.87 41.3428 463.495 54.7176 463.495 71.2163C463.495 87.715 476.87 101.09 493.369 101.09C509.867 101.09 523.242 87.715 523.242 71.2163C523.242 54.7176 509.867 41.3428 493.369 41.3428Z\" fill=\"#EFF5E7\"\/>\n<path d=\"M606.328 154.302C589.829 154.302 576.454 167.677 576.454 184.176C576.454 200.674 589.829 214.049 606.328 214.049C622.826 214.049 636.201 200.674 636.201 184.176C636.201 167.677 622.826 154.302 606.328 154.302Z\" fill=\"#EFF5E7\"\/>\n<path d=\"M528.754 209.07C517.755 209.07 508.839 217.987 508.839 228.986C508.839 239.985 517.755 248.902 528.754 248.902C539.753 248.902 548.67 239.985 548.67 228.986C548.67 217.987 539.753 209.07 528.754 209.07Z\" fill=\"#EFF5E7\"\/>\n<path d=\"M448.604 128.919C437.605 128.919 428.688 137.835 428.688 148.834C428.688 159.833 437.605 168.75 448.604 168.75C459.603 168.75 468.52 159.833 468.52 148.834C468.52 137.835 459.603 128.919 448.604 128.919Z\" fill=\"#EFF5E7\"\/>\n<path d=\"M339.067 99.5783C328.068 99.5783 319.151 108.495 319.151 119.494C319.151 130.493 328.068 139.41 339.067 139.41C350.066 139.41 358.982 130.493 358.982 119.494C358.982 108.495 350.066 99.5783 339.067 99.5783Z\" fill=\"#EFF5E7\"\/>\n<path d=\"M229.53 128.83C218.531 128.83 209.614 137.746 209.614 148.745C209.614 159.744 218.531 168.661 229.53 168.661C240.529 168.661 249.445 159.744 249.445 148.745C249.445 137.746 240.529 128.83 229.53 128.83Z\" fill=\"#EFF5E7\"\/>\n<path d=\"M149.289 209.07C138.29 209.07 129.374 217.987 129.374 228.986C129.374 239.985 138.29 248.902 149.289 248.902C160.289 248.902 169.205 239.985 169.205 228.986C169.205 217.987 160.289 209.07 149.289 209.07Z\" fill=\"#EFF5E7\"\/>\n<path d=\"M339.068 179.197C333.568 179.197 329.11 183.655 329.11 189.154C329.11 194.654 333.568 199.112 339.068 199.112C344.567 199.112 349.025 194.654 349.025 189.154C349.025 183.655 344.567 179.197 339.068 179.197Z\" fill=\"#EFF5E7\"\/>\n<path d=\"M264.382 199.157C258.882 199.157 254.424 203.615 254.424 209.115C254.424 214.614 258.882 219.073 264.382 219.073C269.882 219.073 274.34 214.614 274.34 209.115C274.34 203.615 269.882 199.157 264.382 199.157Z\" fill=\"#EFF5E7\"\/>\n<path d=\"M209.659 253.88C204.16 253.88 199.701 258.339 199.701 263.838C199.701 269.338 204.16 273.796 209.659 273.796C215.159 273.796 219.617 269.338 219.617 263.838C219.617 258.339 215.159 253.88 209.659 253.88Z\" fill=\"#EFF5E7\"\/>\n<path d=\"M413.661 199.157C408.162 199.157 403.703 203.615 403.703 209.115C403.703 214.614 408.162 219.073 413.661 219.073C419.161 219.073 423.619 214.614 423.619 209.115C423.619 203.615 419.161 199.157 413.661 199.157Z\" fill=\"#EFF5E7\"\/>\n<path d=\"M468.386 253.88C462.886 253.88 458.428 258.339 458.428 263.838C458.428 269.338 462.886 273.796 468.386 273.796C473.885 273.796 478.344 269.338 478.344 263.838C478.344 258.339 473.885 253.88 468.386 253.88Z\" fill=\"#EFF5E7\"\/>\n<\/g>\n<defs>\n<clipPath id=\"clip0_1714_4043\">\n<rect width=\"678\" height=\"287\" fill=\"white\" transform=\"matrix(-1 0 0 -1 678 287)\"\/>\n<\/clipPath>\n<\/defs>\n<\/svg>\n\t\t\t\t<\/div>\n\t\t\t\t<div class=\"large-cta__content-wrapper\">\n\t\t\t\t\t<h3 class=\"large-cta__title\" id=\"large-cta__title\">Rejoignez le Programme de d\u00e9marrage pour entrepreneur.e.s noir.e.s de Futurpreneur<\/h3>\n\t\t\t\t\t\t\t\t\t\t\t<p class=\"large-cta__content\">Inspir\u00e9.e par ces parcours? Lancez le v\u00f4tre! Que vous cr\u00e9iez, achetiez ou d\u00e9veloppiez votre entreprise, le Programme de d\u00e9marrage pour entrepreneur.e.s noir.e.s de Futurpreneur offre un pr\u00eat sans participation au capital, du mentorat et des ressources pour vous aider \u00e0 r\u00e9ussir. Financ\u00e9 par RBC, avec un financement en pr\u00eat suppl\u00e9mentaire de la BDC.<\/p>\n\t\t\t\t\t\t\t\t\t\t\t\t\t\t\t\t\t\t\t\t\t\t<div class=\"curved-button--left-align curved-button__container\">\n\t\t\t\t\t\t\t<svg class=\"curved-button__upper-corner\" viewBox=\"0 0 20 17\" fill=\"none\" xmlns=\"http:\/\/www.w3.org\/2000\/svg\">\n\t\t\t\t\t\t\t<path d=\"M19.5 0C19.5 9.56705 9.56705 16.2356 0 16.2356H19.5V0Z\" fill=\"white\"\/>\n\t\t\t\t\t\t\t<\/svg>\n\t\t\t\t\t\t\t<a href=\"https:\/\/futurpreneur.ca\/fr\/offering\/demarrage-entrepreneures-noires\/\" class=\"large-cta__button button curved-button__button\" target=\"_blank\" aria-label=\"visit page\">\n\t\t\t\t\t\t\t\t Commencez d\u00e8s maintenant\t\t\t\t\t\t\t<\/a>\n\t\t\t\t\t\t\t<svg class=\"curved-button__lower-corner\" viewBox=\"0 0 20 17\" fill=\"none\" xmlns=\"http:\/\/www.w3.org\/2000\/svg\">\n\t\t\t\t\t\t\t<path d=\"M19.5 0C19.5 9.56705 9.56705 16.2356 0 16.2356H19.5V0Z\" fill=\"white\"\/>\n\t\t\t\t\t\t\t<\/svg>\n\t\t\t\t\t\t<\/div>\n\t\t\t\t\t\t\t\t\t<\/div>\n\t\t\t<\/div>\n\t\t\t\t\t\t\t<figure class=\"large-cta__image fly-out-caption__trigger aspect-ratio-box\" tabindex=\"0\">\n\t\t\t\t\t<img loading=\"lazy\" decoding=\"async\" width=\"1024\" height=\"681\" src=\"https:\/\/futurpreneur.ca\/wp-content\/uploads\/2025\/10\/L1010567-_1_-1-1024x681.jpg\" class=\"attachment-large size-large\" alt=\"\" srcset=\"https:\/\/futurpreneur.ca\/wp-content\/uploads\/2025\/10\/L1010567-_1_-1-1024x681.jpg 1024w, https:\/\/futurpreneur.ca\/wp-content\/uploads\/2025\/10\/L1010567-_1_-1-300x200.jpg 300w, https:\/\/futurpreneur.ca\/wp-content\/uploads\/2025\/10\/L1010567-_1_-1-768x511.jpg 768w, https:\/\/futurpreneur.ca\/wp-content\/uploads\/2025\/10\/L1010567-_1_-1-1536x1022.jpg 1536w, https:\/\/futurpreneur.ca\/wp-content\/uploads\/2025\/10\/L1010567-_1_-1-2048x1363.jpg 2048w\" sizes=\"auto, (max-width: 1024px) 100vw, 1024px\" \/>\t\t\t\t\t\t\t\t\t<\/figure>\n\t\t\t\t\t<\/div>\n\t<\/section>\n","protected":false},"excerpt":{"rendered":"<p>\u00c9pisode 5: Nicole \u00c0 travers des initiatives comme BLAXPO et Four Brown Girls, Nicole Antoine a consacr\u00e9 sa carri\u00e8re \u00e0 amplifier les voix sous-repr\u00e9sent\u00e9es et \u00e0 cr\u00e9er des communaut\u00e9s gr\u00e2ce au marketing exp\u00e9rientiel. Son parcours met en lumi\u00e8re le leadership, l\u2019innovation et l\u2019entrepreneuriat ax\u00e9 sur une mission. D\u00e9couvrez son histoire inspirante dans l\u2019\u00c9pisode 5 de [&hellip;]<\/p>\n","protected":false},"author":5,"featured_media":0,"parent":13290,"menu_order":0,"comment_status":"closed","ping_status":"closed","template":"","meta":{"_acf_changed":true,"footnotes":""},"class_list":["post-13295","page","type-page","status-publish","hentry"],"acf":[],"_links":{"self":[{"href":"https:\/\/futurpreneur.ca\/fr\/wp-json\/wp\/v2\/pages\/13295","targetHints":{"allow":["GET"]}}],"collection":[{"href":"https:\/\/futurpreneur.ca\/fr\/wp-json\/wp\/v2\/pages"}],"about":[{"href":"https:\/\/futurpreneur.ca\/fr\/wp-json\/wp\/v2\/types\/page"}],"author":[{"embeddable":true,"href":"https:\/\/futurpreneur.ca\/fr\/wp-json\/wp\/v2\/users\/5"}],"replies":[{"embeddable":true,"href":"https:\/\/futurpreneur.ca\/fr\/wp-json\/wp\/v2\/comments?post=13295"}],"version-history":[{"count":0,"href":"https:\/\/futurpreneur.ca\/fr\/wp-json\/wp\/v2\/pages\/13295\/revisions"}],"up":[{"embeddable":true,"href":"https:\/\/futurpreneur.ca\/fr\/wp-json\/wp\/v2\/pages\/13290"}],"wp:attachment":[{"href":"https:\/\/futurpreneur.ca\/fr\/wp-json\/wp\/v2\/media?parent=13295"}],"curies":[{"name":"wp","href":"https:\/\/api.w.org\/{rel}","templated":true}]}}