{"id":13547,"date":"2025-11-17T11:52:23","date_gmt":"2025-11-17T16:52:23","guid":{"rendered":"https:\/\/futurpreneur.ca\/?page_id=13547"},"modified":"2025-11-18T14:52:17","modified_gmt":"2025-11-18T19:52:17","slug":"atelier","status":"publish","type":"page","link":"https:\/\/futurpreneur.ca\/fr\/ressources-financieres-et-accompagnement\/atelier\/","title":{"rendered":"Ateliers"},"content":{"rendered":"\n\t<section class=\"alignfull header-block \" aria-labelledby=\"header-title\">\n\t\t<!-- Simple Header -->\n\t\t\t\t<!-- Header with an Image -->\n\t\t\t\t<!-- Header with Partners -->\n\t\t\t\t\t<div class=\"main-grid\">\n\t\t\t\t<div class=\"main-grid__margin\"><\/div>\n\t\t\t\t<div class=\"header-with-image\">\n\t\t\t\t\t<div class=\"header-with-image__text\">\n\t\t\t\t\t\t<h1 id=\"header-title\">Ressources financi\u00e8res et accompagnement pour les jeunes entrepreneur.e.s<\/h1>\n\t\t\t\t\t\t<p>La plateforme bilingue et gratuite (Knowledge of Financial Education KOFE) aide les jeunes entrepreneur.e.s du Canada \u00e0 renforcer leurs connaissances financi\u00e8res et leur prise de d\u00e9cision. Elle propose des ressources num\u00e9riques, des visioconf\u00e9rences et l\u2019acc\u00e8s \u00e0 des expert.e.s certifi\u00e9.e.s pour mieux g\u00e9rer leurs finances personnelles et assurer la r\u00e9ussite de leur entreprise. \r\n\r\n <\/p>\n\t\t\t\t\t\t\t\t\t\t\t\t\t<div class=\"header-with-image__text__partners\">\n\t\t\t\t\t\t\t\t\t\t\t\t\t\t\t\t\t<div class=\"partner\">\n\t\t\t\t\t\t\t\t\t\t\t\t\t\t\t\t\t\t\t\t\t\t\t\t\t\t\t\t\t\t\t<p>En collaboration avec :<\/p>\n\t\t\t\t\t\t\t\t\t\t\t\t\t\t\t\t\t\t\t\t<div class=\"partner__img\">\n\t\t\t\t\t\t\t\t\t\t\t\t\t\t\t\t\t\t\t\t\t\t\t<img loading=\"lazy\" decoding=\"async\" width=\"300\" height=\"201\" src=\"https:\/\/futurpreneur.ca\/wp-content\/uploads\/2025\/11\/KOFE-CCCA_color-logo_clear_-w-TM-300x201.png\" class=\"attachment-medium size-medium wp-post-image\" alt=\"\" srcset=\"https:\/\/futurpreneur.ca\/wp-content\/uploads\/2025\/11\/KOFE-CCCA_color-logo_clear_-w-TM-300x201.png 300w, https:\/\/futurpreneur.ca\/wp-content\/uploads\/2025\/11\/KOFE-CCCA_color-logo_clear_-w-TM-1024x685.png 1024w, https:\/\/futurpreneur.ca\/wp-content\/uploads\/2025\/11\/KOFE-CCCA_color-logo_clear_-w-TM-768x514.png 768w, https:\/\/futurpreneur.ca\/wp-content\/uploads\/2025\/11\/KOFE-CCCA_color-logo_clear_-w-TM-1536x1028.png 1536w, https:\/\/futurpreneur.ca\/wp-content\/uploads\/2025\/11\/KOFE-CCCA_color-logo_clear_-w-TM-2048x1370.png 2048w\" sizes=\"auto, (max-width: 300px) 100vw, 300px\" \/>\t\t\t\t\t\t\t\t\t\t\t\t\t\t\t\t\t\t\t\t\t<\/div>\n\t\t\t\t\t\t\t\t\t<\/div>\n\t\t\t\t\t\t\t\t\t\t\t\t\t\t\t<\/div>\n\t\t\t\t\t\t\t\t\t\t\t\t\t\t\t\t\t<\/div>\n\t\t\t\t\t<div class=\"header-with-image__image\">\n\t\t\t\t\t\t<div class=\"aspect-ratio-box\">\n\t\t\t\t\t\t\t\t\t\t\t\t\t\t\t<img loading=\"lazy\" decoding=\"async\" width=\"813\" height=\"1024\" src=\"https:\/\/futurpreneur.ca\/wp-content\/uploads\/2025\/11\/Multi-brand-sampling-new-813x1024.jpg\" class=\"attachment-large size-large\" alt=\"\" srcset=\"https:\/\/futurpreneur.ca\/wp-content\/uploads\/2025\/11\/Multi-brand-sampling-new-813x1024.jpg 813w, https:\/\/futurpreneur.ca\/wp-content\/uploads\/2025\/11\/Multi-brand-sampling-new-238x300.jpg 238w, https:\/\/futurpreneur.ca\/wp-content\/uploads\/2025\/11\/Multi-brand-sampling-new-768x967.jpg 768w, https:\/\/futurpreneur.ca\/wp-content\/uploads\/2025\/11\/Multi-brand-sampling-new-1219x1536.jpg 1219w, https:\/\/futurpreneur.ca\/wp-content\/uploads\/2025\/11\/Multi-brand-sampling-new-1626x2048.jpg 1626w\" sizes=\"auto, (max-width: 813px) 100vw, 813px\" \/>\t\t\t\t\t\t\t\t\t\t\t\t\t<\/div>\n\t\t\t\t\t\t\t\t\t\t\t\t\t<div class=\"header-with-image__image__partners\">\n\t\t\t\t\t\t\t\t<svg class=\"hero__image__partners__lower-left\" width=\"75\" height=\"91\" viewBox=\"0 0 75 91\" fill=\"none\" xmlns=\"http:\/\/www.w3.org\/2000\/svg\">\n\t\t\t\t\t\t\t\t\t<path fill-rule=\"evenodd\" clip-rule=\"evenodd\" d=\"M74.9999 0.849579V91H0.150635C62.7611 91 74.9897 51.9407 74.9897 26.0428V1.84311C74.9897 1.51123 74.9931 1.18004 74.9999 0.849579Z\" fill=\"#EFF5E7\"\/>\n\t\t\t\t\t\t\t\t<\/svg>\n\t\t\t\t\t\t\t\t\t\t\t\t\t\t\t\t\t<div class=\"partner\">\n\t\t\t\t\t\t\t\t\t\t\t\t\t\t\t\t\t\t\t\t\t\t\t\t\t\t\t\t\t\t\t<p>En collaboration avec :<\/p>\n\t\t\t\t\t\t\t\t\t\t\t\t\t\t\t\t\t\t\t\t<div class=\"partner__img\">\n\t\t\t\t\t\t\t\t\t\t\t\t\t\t\t\t\t\t\t\t\t\t\t<img loading=\"lazy\" decoding=\"async\" width=\"300\" height=\"201\" src=\"https:\/\/futurpreneur.ca\/wp-content\/uploads\/2025\/11\/KOFE-CCCA_color-logo_clear_-w-TM-300x201.png\" class=\"attachment-medium size-medium wp-post-image\" alt=\"\" srcset=\"https:\/\/futurpreneur.ca\/wp-content\/uploads\/2025\/11\/KOFE-CCCA_color-logo_clear_-w-TM-300x201.png 300w, https:\/\/futurpreneur.ca\/wp-content\/uploads\/2025\/11\/KOFE-CCCA_color-logo_clear_-w-TM-1024x685.png 1024w, https:\/\/futurpreneur.ca\/wp-content\/uploads\/2025\/11\/KOFE-CCCA_color-logo_clear_-w-TM-768x514.png 768w, https:\/\/futurpreneur.ca\/wp-content\/uploads\/2025\/11\/KOFE-CCCA_color-logo_clear_-w-TM-1536x1028.png 1536w, https:\/\/futurpreneur.ca\/wp-content\/uploads\/2025\/11\/KOFE-CCCA_color-logo_clear_-w-TM-2048x1370.png 2048w\" sizes=\"auto, (max-width: 300px) 100vw, 300px\" \/>\t\t\t\t\t\t\t\t\t\t\t\t\t\t\t\t\t\t\t\t\t<\/div>\n\t\t\t\t\t\t\t\t\t<\/div>\n\t\t\t\t\t\t\t\t\t\t\t\t\t\t\t\t<svg class=\"hero__image__partners__upper-right\" width=\"107\" height=\"87\" viewBox=\"0 0 107 87\" fill=\"none\" xmlns=\"http:\/\/www.w3.org\/2000\/svg\">\n\t\t\t\t\t\t\t\t\t<path d=\"M0 86.1095C69.5777 83.8225 106.799 71.0731 106.799 0L106.799 86.1095H0Z\" fill=\"#EFF5E7\"\/>\n\t\t\t\t\t\t\t\t<\/svg>\n\t\t\t\t\t\t\t<\/div>\n\t\t\t\t\t\t\t\t\t\t\t<\/div>\n\t\t\t\t<\/div>\n\t\t\t\t<div class=\"main-grid__margin\"><\/div>\n\t\t\t<\/div>\n\t\t\t\t<!-- Header with Video -->\n\t\t\t<\/section>\n\n\n\n\t<section class=\"alignfull program-sub-nav-block\" aria-labelledby=\"program-sub-nav-block-title\">\n\t\t<div class=\"main-grid\">\n\t\t\t<div class=\"main-grid__margin\"><\/div>\n\t\t\t<div class=\"main-grid__body program-sub-nav\">\n\t\t\t\t\t\t\t\t\t<a href=\"https:\/\/futurpreneur.ca\/fr\/ressources-financieres-et-accompagnement\/\" class=\"button \">\n\t\t\t\t\t\t\u00c0 propos\t\t\t\t\t<\/a>\n\t\t\t\t\t\t\t\t\t\t\t\t\t\t\t\t\t\t\t\t\t\t\t\t<a href=\"https:\/\/futurpreneur.ca\/fr\/ressources-financieres-et-accompagnement\/atelier\/\" class=\"button active\">\n\t\t\t\t\t\t\tAteliers\t\t\t\t\t\t<\/a>\n\t\t\t\t\t\t\t\t\t\t\t\t\t\t\t\t<\/div>\n\t\t\t<div class=\"main-grid__margin\"><\/div>\n\t\t<\/div>\n\t<\/section>\n\n\n\n<h2 class=\"wp-block-heading\"><strong>Prochaines sessions<\/strong>&nbsp;<\/h2>\n\n\n\n<p>Participez \u00e0 nos&nbsp;ateliers&nbsp;gratuits sur l\u2019\u00e9ducation&nbsp;financi\u00e8re&nbsp;pour apprendre aupr\u00e8s d&rsquo;expert.e.s, poser des questions et entrer en contact avec de jeunes entrepreneur.e.s de partout au Canada. Chaque session porte sur des comp\u00e9tences en gestion&nbsp;de finances personnelles&nbsp;qui vous aideront \u00e0 renforcer votre confiance&nbsp;et \u00e0 consolider les bases financi\u00e8res de votre&nbsp;entreprise.&nbsp;<\/p>\n","protected":false},"excerpt":{"rendered":"<p>Prochaines sessions&nbsp; Participez \u00e0 nos&nbsp;ateliers&nbsp;gratuits sur l\u2019\u00e9ducation&nbsp;financi\u00e8re&nbsp;pour apprendre aupr\u00e8s d&rsquo;expert.e.s, poser des questions et entrer en contact avec de jeunes entrepreneur.e.s de partout au Canada. Chaque session porte sur des comp\u00e9tences en gestion&nbsp;de finances personnelles&nbsp;qui vous aideront \u00e0 renforcer votre confiance&nbsp;et \u00e0 consolider les bases financi\u00e8res de votre&nbsp;entreprise.&nbsp;<\/p>\n","protected":false},"author":5,"featured_media":0,"parent":13544,"menu_order":0,"comment_status":"closed","ping_status":"closed","template":"","meta":{"_acf_changed":false,"footnotes":""},"class_list":["post-13547","page","type-page","status-publish","hentry"],"acf":[],"_links":{"self":[{"href":"https:\/\/futurpreneur.ca\/fr\/wp-json\/wp\/v2\/pages\/13547","targetHints":{"allow":["GET"]}}],"collection":[{"href":"https:\/\/futurpreneur.ca\/fr\/wp-json\/wp\/v2\/pages"}],"about":[{"href":"https:\/\/futurpreneur.ca\/fr\/wp-json\/wp\/v2\/types\/page"}],"author":[{"embeddable":true,"href":"https:\/\/futurpreneur.ca\/fr\/wp-json\/wp\/v2\/users\/5"}],"replies":[{"embeddable":true,"href":"https:\/\/futurpreneur.ca\/fr\/wp-json\/wp\/v2\/comments?post=13547"}],"version-history":[{"count":0,"href":"https:\/\/futurpreneur.ca\/fr\/wp-json\/wp\/v2\/pages\/13547\/revisions"}],"up":[{"embeddable":true,"href":"https:\/\/futurpreneur.ca\/fr\/wp-json\/wp\/v2\/pages\/13544"}],"wp:attachment":[{"href":"https:\/\/futurpreneur.ca\/fr\/wp-json\/wp\/v2\/media?parent=13547"}],"curies":[{"name":"wp","href":"https:\/\/api.w.org\/{rel}","templated":true}]}}