{"id":14236,"date":"2026-03-11T00:15:38","date_gmt":"2026-03-11T04:15:38","guid":{"rendered":"https:\/\/futurpreneur.ca\/futurpreneur-awards\/community-partner-award\/"},"modified":"2026-04-21T16:25:35","modified_gmt":"2026-04-21T20:25:35","slug":"prix-partenaire-communautaire","status":"publish","type":"page","link":"https:\/\/futurpreneur.ca\/fr\/les-prix-futurpreneur\/prix-partenaire-communautaire\/","title":{"rendered":"Prix du.de la partenaire communautaire"},"content":{"rendered":"\n\t<section class=\"alignfull header-block \" aria-labelledby=\"header-title\">\n\t\t<!-- Simple Header -->\n\t\t\t\t<!-- Header with an Image -->\n\t\t\t\t\t<div class=\"main-grid\">\n\t\t\t\t<div class=\"main-grid__margin\"><\/div>\n\t\t\t\t<div class=\"header-with-image\">\n\t\t\t\t\t<div class=\"header-with-image__text\">\n\t\t\t\t\t\t<h1 id=\"header-title\">Candidature re\u00e7ue? Postulez d\u00e8s aujourd\u2019hui!<\/h1>\n\t\t\t\t\t\t<p>Nous c\u00e9l\u00e9brons les entrepreneur.e.s, mentor.e.s et partenaires Futurpreneur  \r\n\r\nqui ont exerc\u00e9 une influence inclusive partout au Canada. <\/p>\n\t\t\t\t\t\t\t\t\t\t\t\t\t<a id=\"header-block-button\" href=\"https:\/\/futurpreneurawards.awardsplatform.com\/\" class=\"button header-with-image__text__button\" target=\"_blank\">\n\t\t\t\t\t\t\t\tCandidature re\u00e7ue? Postulez\t\t\t\t\t\t\t<\/a>\n\t\t\t\t\t\t\t\t\t\t\t<\/div>\n\t\t\t\t\t<div class=\"header-with-image__image fly-out-caption__trigger\" tabindex=\"0\" role=\"group\" aria-labelledby=\"caption1 caption2\">\n\t\t\t\t\t\t<div class=\"aspect-ratio-box\">\n\t\t\t\t\t\t\t\t\t\t\t\t\t\t\t<img loading=\"lazy\" decoding=\"async\" width=\"1024\" height=\"767\" src=\"https:\/\/futurpreneur.ca\/wp-content\/uploads\/2026\/03\/FP30_Awards_Landing_Hero_1532x1148-1024x767.png\" class=\"attachment-large size-large\" alt=\"\" srcset=\"https:\/\/futurpreneur.ca\/wp-content\/uploads\/2026\/03\/FP30_Awards_Landing_Hero_1532x1148-1024x767.png 1024w, https:\/\/futurpreneur.ca\/wp-content\/uploads\/2026\/03\/FP30_Awards_Landing_Hero_1532x1148-300x225.png 300w, https:\/\/futurpreneur.ca\/wp-content\/uploads\/2026\/03\/FP30_Awards_Landing_Hero_1532x1148-768x576.png 768w, https:\/\/futurpreneur.ca\/wp-content\/uploads\/2026\/03\/FP30_Awards_Landing_Hero_1532x1148-1536x1151.png 1536w, https:\/\/futurpreneur.ca\/wp-content\/uploads\/2026\/03\/FP30_Awards_Landing_Hero_1532x1148.png 1724w\" sizes=\"auto, (max-width: 1024px) 100vw, 1024px\" \/>\t\t\t\t\t\t\t\t\t\t\t\t\t<\/div>\n\t\t\t\t\t\t\t\t\t\t\t<\/div>\n\t\t\t\t<\/div>\n\t\t\t\t<div class=\"main-grid__margin\"><\/div>\n\t\t\t<\/div>\n\t\t\t\t<!-- Header with Partners -->\n\t\t\t\t<!-- Header with Video -->\n\t\t\t<\/section>\n\n\n\n\t<section class=\"alignfull program-sub-nav-block\" aria-labelledby=\"program-sub-nav-block-title\">\n\t\t<div class=\"main-grid\">\n\t\t\t<div class=\"main-grid__margin\"><\/div>\n\t\t\t<div class=\"main-grid__body program-sub-nav\">\n\t\t\t\t\t\t\t\t\t<a href=\"https:\/\/futurpreneur.ca\/fr\/les-prix-futurpreneur\/\" class=\"button \">\n\t\t\t\t\t\t\u00c0 propos\t\t\t\t\t<\/a>\n\t\t\t\t\t\t\t\t\t\t\t\t\t\t\t\t\t\t\t\t\t\t\t\t<a href=\"https:\/\/futurpreneur.ca\/fr\/les-prix-futurpreneur\/prix-de-lentrepreneure\/\" class=\"button \">\n\t\t\t\t\t\t\tPrix de l\u2019entrepreneur.e\t\t\t\t\t\t<\/a>\n\t\t\t\t\t\t\t\t\t\t\t\t\t\t\t\t\t\t\t\t\t\t\t\t\t<a href=\"https:\/\/futurpreneur.ca\/fr\/les-prix-futurpreneur\/prix-mentor\/\" class=\"button \">\n\t\t\t\t\t\t\tPrix du.de la mentor.e\t\t\t\t\t\t<\/a>\n\t\t\t\t\t\t\t\t\t\t\t\t\t\t\t\t\t\t\t\t\t\t\t\t\t<a href=\"https:\/\/futurpreneur.ca\/fr\/les-prix-futurpreneur\/prix-partenaire-communautaire\/\" class=\"button active\">\n\t\t\t\t\t\t\tPrix du.de la partenaire communautaire\t\t\t\t\t\t<\/a>\n\t\t\t\t\t\t\t\t\t\t\t\t\t\t\t\t\t\t\t\t\t\t\t\t\t\t\t\t\t\t\t\t\t\t\t\t\t\t\t<a href=\"https:\/\/futurpreneur.ca\/fr\/les-prix-futurpreneur\/soutiens\/\" class=\"button \">\n\t\t\t\t\t\t\tPartenaires\t\t\t\t\t\t<\/a>\n\t\t\t\t\t\t\t\t\t\t\t\t\t\t\t\t<\/div>\n\t\t\t<div class=\"main-grid__margin\"><\/div>\n\t\t<\/div>\n\t<\/section>\n\n\n\n<h2 class=\"wp-block-heading\">Prix du.de la partenaire communautaire<\/h2>\n\n\n\n<p>La r\u00e9ussite d\u2019un.e entrepreneur.e ne se construit pas seul. Il n\u00e9cessite tout un \u00e9cosyst\u00e8me.<\/p>\n\n\n\n<p>Le prix du.de la partenaire communautaire r\u00e9compense les <strong>organisations exceptionnelles<\/strong> qui ont jou\u00e9 un r\u00f4le significatif dans la promotion de l\u2019entrepreneuriat chez les jeunes et qui ont aid\u00e9 les jeunes entrepreneur.e.s \u00e0 r\u00e9ussir partout au Canada, en collaboration avec Futurpreneur.<\/p>\n\n\n\n<p>Ces partenaires ont investi du temps, de l\u2019expertise, des fonds ou de l\u2019influence pour aider les jeunes entrepreneur.e.s \u00e0 acc\u00e9der \u00e0 des occasions, \u00e0 cr\u00e9er des entreprises durables et \u00e0 contribuer au renforcement des \u00e9conomies locales.<\/p>\n\n\n\n<p>Avez-vous \u00e9t\u00e9&nbsp;mis.e&nbsp;en candidature pour un prix et re\u00e7u une invitation \u00e0 postuler? F\u00e9licitations! Il est maintenant temps de passer \u00e0 la prochaine \u00e9tape.&nbsp;<\/p>\n\n\n\n<p><strong>Nous invitons toutes les personnes admissibles \u00e0 soumettre leur candidature d\u2019ici le 31 mai 2026 \u00e0 23 h 59 (HE).\u00a0<\/strong><\/p>\n\n\n\n<p>Remarque : seules les personnes admissibles ayant re\u00e7u une invitation peuvent pr\u00e9senter une demande.<\/p>\n\n\n\n<div class=\"wp-block-buttons is-layout-flex wp-block-buttons-is-layout-flex\">\n<div class=\"wp-block-button\"><a class=\"wp-block-button__link wp-element-button\" href=\"https:\/\/futurpreneurawards.awardsplatform.com\/\" target=\"_blank\" rel=\"noreferrer noopener\">Candidature re\u00e7ue? Postulez<\/a><\/div>\n<\/div>\n\n\n\n<div class=\"wp-block-group careers-cta alignfull is-layout-constrained wp-block-group-is-layout-constrained\">\n<div class=\"wp-block-group is-layout-constrained wp-block-group-is-layout-constrained\">\n<h2 class=\"wp-block-heading\">Vous avez des questions?<\/h2>\n\n\n\n<p>Veuillez consulter notre FAQ.<\/p>\n\n\n\n<div class=\"wp-block-buttons is-content-justification-center is-layout-flex wp-container-core-buttons-is-layout-16018d1d wp-block-buttons-is-layout-flex\">\n<div class=\"wp-block-button\"><a class=\"wp-block-button__link wp-element-button\" href=\"https:\/\/futurpreneur.ca\/fr\/les-prix-futurpreneur\/foire-aux-questions\/#community\" target=\"_blank\" rel=\"noreferrer noopener\">FAQ partenaire communautaire<\/a><\/div>\n<\/div>\n\n\n\n<p><em><em>Si vous avez encore des questions, n\u2019h\u00e9sitez pas \u00e0 \u00e9crire \u00e0 l\u2019adresse&nbsp;<a href=\"mailto:info@futurpreneur.ca\" target=\"_blank\" rel=\"noreferrer noopener\">info@futurpreneur.ca<\/a><\/em><\/em><\/p>\n<\/div>\n<\/div>\n","protected":false},"excerpt":{"rendered":"<p>Prix du.de la partenaire communautaire La r\u00e9ussite d\u2019un.e entrepreneur.e ne se construit pas seul. Il n\u00e9cessite tout un \u00e9cosyst\u00e8me. Le prix du.de la partenaire communautaire r\u00e9compense les organisations exceptionnelles qui ont jou\u00e9 un r\u00f4le significatif dans la promotion de l\u2019entrepreneuriat chez les jeunes et qui ont aid\u00e9 les jeunes entrepreneur.e.s \u00e0 r\u00e9ussir partout au Canada, [&hellip;]<\/p>\n","protected":false},"author":4,"featured_media":0,"parent":14234,"menu_order":3,"comment_status":"closed","ping_status":"closed","template":"","meta":{"_acf_changed":true,"footnotes":""},"class_list":["post-14236","page","type-page","status-publish","hentry"],"acf":[],"_links":{"self":[{"href":"https:\/\/futurpreneur.ca\/fr\/wp-json\/wp\/v2\/pages\/14236","targetHints":{"allow":["GET"]}}],"collection":[{"href":"https:\/\/futurpreneur.ca\/fr\/wp-json\/wp\/v2\/pages"}],"about":[{"href":"https:\/\/futurpreneur.ca\/fr\/wp-json\/wp\/v2\/types\/page"}],"author":[{"embeddable":true,"href":"https:\/\/futurpreneur.ca\/fr\/wp-json\/wp\/v2\/users\/4"}],"replies":[{"embeddable":true,"href":"https:\/\/futurpreneur.ca\/fr\/wp-json\/wp\/v2\/comments?post=14236"}],"version-history":[{"count":0,"href":"https:\/\/futurpreneur.ca\/fr\/wp-json\/wp\/v2\/pages\/14236\/revisions"}],"up":[{"embeddable":true,"href":"https:\/\/futurpreneur.ca\/fr\/wp-json\/wp\/v2\/pages\/14234"}],"wp:attachment":[{"href":"https:\/\/futurpreneur.ca\/fr\/wp-json\/wp\/v2\/media?parent=14236"}],"curies":[{"name":"wp","href":"https:\/\/api.w.org\/{rel}","templated":true}]}}