{"id":221,"date":"2024-02-05T14:27:12","date_gmt":"2024-02-05T19:27:12","guid":{"rendered":"https:\/\/futurpreneur.ca\/?page_id=221"},"modified":"2024-12-09T14:24:21","modified_gmt":"2024-12-09T19:24:21","slug":"avantages-du-mentorat","status":"publish","type":"page","link":"https:\/\/futurpreneur.ca\/fr\/avantages-du-mentorat\/","title":{"rendered":"Avantages du mentorat"},"content":{"rendered":"\n\t<section class=\"alignfull header-block \" aria-labelledby=\"header-title\">\n\t\t<!-- Simple Header -->\n\t\t\t\t<!-- Header with an Image -->\n\t\t\t\t<!-- Header with Partners -->\n\t\t\t\t<!-- Header with Video -->\n\t\t\t\t\t<div class=\"main-grid\">\n\t\t\t\t<div class=\"main-grid__margin\"><\/div>\n\t\t\t\t<div class=\"header-with-image\">\n\t\t\t\t\t<div class=\"header-with-image__text\">\n\t\t\t\t\t\t<h1 id=\"header-title\">Avantages du mentorat<\/h1>\n\t\t\t\t\t\t<p>Alors que vous naviguez dans le monde dynamique de l\u2019entrepreneuriat, consid\u00e9rez les mentor.e.s de Futurpreneur comme vos guides vers le succ\u00e8s. Ces professionnel.le.s chevronn\u00e9.e.s sont l\u00e0 pour vous aider \u00e0 progresser, \u00e0 relever des d\u00e9fis et \u00e0 nouer des liens pr\u00e9cieux. Avec leur soutien, vous acquerrez les comp\u00e9tences et les connaissances n\u00e9cessaires \u00e0 l\u2019essor de votre entreprise en d\u00e9marrage.<\/p>\n\t\t\t\t\t\t\t\t\t\t\t<\/div>\n\t\t\t\t\t<div class=\"header-with-image__image\">\n\t\t\t\t\t\t<div class=\"aspect-ratio-box\">\n\t\t\t\t\t\t\t<div class=\"js-video-player header-with-image__video featured-video__container\" id=\"header-block_956d0492b4e1eafc7c5622b93e7f5919\" data-locale=fr_FR data-video-url='https:\/\/youtu.be\/q4CJOGqxY30?si=aDW2f5rySQ-TW1Pr'  data-image-url='https:\/\/futurpreneur.ca\/wp-content\/uploads\/2024\/03\/Le-mentorat-_-un-avantage-inestimable-0-1-screenshot-e1713207299987.png'><\/div>\n\t\t\t\t\t\t<\/div>\n\t\t\t\t\t<\/div>\n\t\t\t\t<\/div>\n\t\t\t\t<div class=\"main-grid__margin\"><\/div>\n\t\t\t<\/div>\n\t\t\t<\/section>\n\n\n\n<div class=\"wp-block-media-text is-stacked-on-mobile is-vertically-aligned-center\" style=\"grid-template-columns:40% auto\"><figure class=\"wp-block-media-text__media\"><img loading=\"lazy\" decoding=\"async\" width=\"683\" height=\"1024\" src=\"https:\/\/futurpreneur.ca\/wp-content\/uploads\/2024\/03\/Cent-Prair-Al-Norman-scaled-1-683x1024.jpg\" alt=\"\" class=\"wp-image-7035 size-full\" srcset=\"https:\/\/futurpreneur.ca\/wp-content\/uploads\/2024\/03\/Cent-Prair-Al-Norman-scaled-1-683x1024.jpg 683w, https:\/\/futurpreneur.ca\/wp-content\/uploads\/2024\/03\/Cent-Prair-Al-Norman-scaled-1-200x300.jpg 200w, https:\/\/futurpreneur.ca\/wp-content\/uploads\/2024\/03\/Cent-Prair-Al-Norman-scaled-1-768x1152.jpg 768w, https:\/\/futurpreneur.ca\/wp-content\/uploads\/2024\/03\/Cent-Prair-Al-Norman-scaled-1-1024x1536.jpg 1024w, https:\/\/futurpreneur.ca\/wp-content\/uploads\/2024\/03\/Cent-Prair-Al-Norman-scaled-1-1366x2048.jpg 1366w, https:\/\/futurpreneur.ca\/wp-content\/uploads\/2024\/03\/Cent-Prair-Al-Norman-scaled-1.jpg 1707w\" sizes=\"auto, (max-width: 683px) 100vw, 683px\" \/><\/figure><div class=\"wp-block-media-text__content\">\n<h2 class=\"wp-block-heading\">Lib\u00e9rez tout votre potentiel gr\u00e2ce au mentorat<\/h2>\n\n\n\n<p class=\"has-h-4-font-size\">D\u00e9couvrez les effets transformateurs de la pr\u00e9sence d\u2019un.e mentor.e \u00e0 vos c\u00f4t\u00e9s. Des conseils \u00e0 la croissance, voici pourquoi le mentorat est essentiel pour votre parcours entrepreneurial.<\/p>\n\n\n\n<div style=\"height:25px\" aria-hidden=\"true\" class=\"wp-block-spacer\"><\/div>\n\n\n\n<ul class=\"wp-block-list\">\n<li><strong>Acc\u00e9l\u00e9rez l\u2019apprentissage\u202f:<\/strong> acquerrez plus rapidement des connaissances et des comp\u00e9tences gr\u00e2ce aux conseils personnalis\u00e9s de mentor.e.s d\u2019exp\u00e9rience.&nbsp;<\/li>\n\n\n\n<li><strong>Surmontez les d\u00e9fis\u202f<\/strong>: franchissez les obstacles avec le soutien d\u2019un.e mentor.e, ce qui vous permettra de surmonter plus facilement les difficult\u00e9s.&nbsp;<\/li>\n\n\n\n<li><strong>\u00c9tablissez un r\u00e9seau solide\u202f:<\/strong> cr\u00e9ez des liens avec de pr\u00e9cieuses personnes gr\u00e2ce au r\u00e9seau de votre mentor.e, ce qui vous ouvrira des portes vers de nouveaux d\u00e9bouch\u00e9s.&nbsp;<\/li>\n\n\n\n<li><strong>Renforcez votre confiance\u202f:<\/strong> gagnez la confiance dont vous avez besoin pour entrer dans le monde de l\u2019entrepreneuriat gr\u00e2ce aux encouragements d\u2019un.e mentor.e.&nbsp;<\/li>\n<\/ul>\n\n\n\n<div style=\"height:25px\" aria-hidden=\"true\" class=\"wp-block-spacer\"><\/div>\n\n\n\n<h3 class=\"wp-block-heading has-text-align-center\">Favorisez votre r\u00e9ussite en profitant des avantages du mentorat.<\/h3>\n\n\n\n<p class=\"has-text-align-center has-h-4-font-size\">Commencez votre collaboration avec un.e mentor.e de Futurpreneur d\u00e8s aujourd\u2019hui!<\/p>\n\n\n\n<div class=\"wp-block-buttons is-content-justification-center is-layout-flex wp-container-core-buttons-is-layout-16018d1d wp-block-buttons-is-layout-flex\">\n<div class=\"wp-block-button\"><a class=\"wp-block-button__link wp-element-button\" href=\"https:\/\/futurpreneur.ca\/fr\/ne-sait-pas-ou-commencer\/\">En savoir plus sur nos offres<\/a><\/div>\n<\/div>\n<\/div><\/div>\n\n\n\n<div class=\"wp-block-columns is-layout-flex wp-container-core-columns-is-layout-9d6595d7 wp-block-columns-is-layout-flex\">\n<div class=\"wp-block-column is-layout-flow wp-block-column-is-layout-flow\">\n<blockquote class=\"wp-block-quote is-layout-flow wp-block-quote-is-layout-flow\">\n<p>Mon mentor apporte non seulement son sens aigu des affaires, sa sagesse et son exp\u00e9rience, mais aussi les relations et les succ\u00e8s qu\u2019il a eus dans ses propres entreprises. Il m\u2019a \u00e9galement appris \u00e0 tr\u00e8s bien r\u00e9seauter; c\u2019est le plus grand avantage que j\u2019ai re\u00e7u.<\/p>\n<cite>Paul Maxwell, fondateur de Maxwell\u2019s Music House<\/cite><\/blockquote>\n<\/div>\n\n\n\n<div class=\"wp-block-column is-vertically-aligned-center is-layout-flow wp-block-column-is-layout-flow\">\n<blockquote class=\"wp-block-quote is-layout-flow wp-block-quote-is-layout-flow\">\n<p>C\u2019\u00e9tait vraiment bien d\u2019avoir quelqu\u2019un \u00e0 mes c\u00f4t\u00e9s, surtout lors des p\u00e9riodes difficiles. Ce soutien m\u2019a permis de me sentir plus autonome, et lorsque vous vous sentez forte, vous vous comportez d\u2019une mani\u00e8re que vous n\u2019auriez jamais cru possible auparavant.&nbsp;&nbsp;<\/p>\n<cite>Tyra Paul, fondateur de Drip Avenue 902<\/cite><\/blockquote>\n<\/div>\n<\/div>\n","protected":false},"excerpt":{"rendered":"<p>Obtenez de pr\u00e9cieux conseils pour lancer et faire cro\u00eetre votre entreprise gr\u00e2ce au mentorat individuel offert par des entrepreneur.e.s d\u2019exp\u00e9rience. <\/p>\n","protected":false},"author":3,"featured_media":0,"parent":0,"menu_order":0,"comment_status":"closed","ping_status":"closed","template":"","meta":{"_acf_changed":true,"footnotes":""},"class_list":["post-221","page","type-page","status-publish","hentry"],"acf":[],"_links":{"self":[{"href":"https:\/\/futurpreneur.ca\/fr\/wp-json\/wp\/v2\/pages\/221","targetHints":{"allow":["GET"]}}],"collection":[{"href":"https:\/\/futurpreneur.ca\/fr\/wp-json\/wp\/v2\/pages"}],"about":[{"href":"https:\/\/futurpreneur.ca\/fr\/wp-json\/wp\/v2\/types\/page"}],"author":[{"embeddable":true,"href":"https:\/\/futurpreneur.ca\/fr\/wp-json\/wp\/v2\/users\/3"}],"replies":[{"embeddable":true,"href":"https:\/\/futurpreneur.ca\/fr\/wp-json\/wp\/v2\/comments?post=221"}],"version-history":[{"count":0,"href":"https:\/\/futurpreneur.ca\/fr\/wp-json\/wp\/v2\/pages\/221\/revisions"}],"wp:attachment":[{"href":"https:\/\/futurpreneur.ca\/fr\/wp-json\/wp\/v2\/media?parent=221"}],"curies":[{"name":"wp","href":"https:\/\/api.w.org\/{rel}","templated":true}]}}