{"id":228,"date":"2024-02-05T14:26:02","date_gmt":"2024-02-05T19:26:02","guid":{"rendered":"https:\/\/futurpreneur.ca\/?page_id=228"},"modified":"2025-09-10T10:32:40","modified_gmt":"2025-09-10T14:32:40","slug":"admissibilite","status":"publish","type":"page","link":"https:\/\/futurpreneur.ca\/fr\/admissibilite\/","title":{"rendered":"Crit\u00e8res d&rsquo;admissibilit\u00e9"},"content":{"rendered":"\n\t<section class=\"alignfull header-block simple__header\" aria-labelledby=\"header-title\">\n\t\t<!-- Simple Header -->\n\t\t\t\t\t<div class=\"main-grid header__simple\">\n\t\t\t\t<div class=\"main-grid__margin\"><\/div>\n\t\t\t\t<div class=\"header__simple__wrapper\">\n\t\t\t\t\t<div class=\"header__simple__content header-with-image__text\">\n\t\t\t\t\t\t<h1 id=\"header-title\">Admissibilit\u00e9<\/h1>\n\t\t\t\t\t\t<p>Futurpreneur est l\u00e0 pour donner les cl\u00e9s du succ\u00e8s aux jeunes entrepreneur.e.s en herbe \u00e2g\u00e9.e.s de 18 \u00e0 39\u202fans vivant actuellement au Canada et ayant leur citoyennet\u00e9 ou leur r\u00e9sidence permanente.  <\/p>\n\t\t\t\t\t\t\t\t\t\t\t<\/div>\n\t\t\t\t\t<div class=\"header__simple__icons\">\n\t\t\t\t\t\t<svg class=\"star-one animate--scale-up\" width=\"90\" height=\"90\" viewBox=\"0 0 90 90\" fill=\"none\" xmlns=\"http:\/\/www.w3.org\/2000\/svg\">\n<g clip-path=\"url(#clip0_2917_8098)\">\n<path d=\"M90 44.9972C90.004 45.3677 89.9339 45.7353 89.7939 46.0784C89.654 46.4215 89.4469 46.7331 89.1849 46.9952C88.9229 47.2572 88.6112 47.4642 88.2681 47.6042C87.925 47.7442 87.5575 47.8142 87.187 47.8103C76.7474 47.8228 66.739 51.9754 59.3571 59.3573C51.9753 66.7392 47.8226 76.7476 47.8101 87.1871C47.8141 87.5576 47.744 87.9252 47.604 88.2683C47.4641 88.6114 47.257 88.923 46.995 89.1851C46.733 89.4471 46.4213 89.6541 46.0782 89.7941C45.7351 89.9341 45.3676 90.0041 44.997 90.0002C44.2525 89.997 43.5394 89.6995 43.0135 89.1724C42.4875 88.6454 42.1915 87.9317 42.1899 87.1871C42.1938 82.015 41.1779 76.8928 39.2004 72.1136C37.2229 67.3345 34.3226 62.9921 30.6654 59.3348C27.0081 55.6776 22.6657 52.7772 17.8865 50.7997C13.1073 48.8222 7.98518 47.8064 2.81305 47.8103C2.43318 47.8277 2.05372 47.7679 1.69761 47.6345C1.34149 47.5012 1.01611 47.297 0.741127 47.0344C0.466144 46.7717 0.247271 46.456 0.0977316 46.1064C-0.0518072 45.7567 -0.128906 45.3804 -0.128906 45.0002C-0.128906 44.6199 -0.0518072 44.2436 0.0977316 43.8939C0.247271 43.5443 0.466144 43.2286 0.741127 42.966C1.01611 42.7033 1.34149 42.4991 1.69761 42.3658C2.05372 42.2324 2.43318 42.1726 2.81305 42.1901C7.98497 42.1932 13.1068 41.1768 17.8856 39.199C22.6644 37.2212 27.0065 34.3209 30.6636 30.6638C34.3207 27.0067 37.2211 22.6646 39.1988 17.8858C41.1766 13.1069 42.193 7.98513 42.1899 2.81321C42.1899 2.06817 42.4855 1.35355 43.0117 0.82617C43.538 0.298789 44.252 0.00172377 44.997 0.000158546C45.3676 -0.00379605 45.7351 0.0662652 46.0782 0.206234C46.4213 0.346203 46.733 0.553262 46.995 0.81527C47.257 1.07728 47.4641 1.38896 47.604 1.73204C47.744 2.07512 47.8141 2.4427 47.8101 2.81321C47.8132 13.2556 51.9629 23.2695 59.3468 30.6534C66.7307 38.0373 76.7445 42.1869 87.187 42.1901C87.557 42.1861 87.924 42.256 88.2667 42.3956C88.6094 42.5352 88.9208 42.7417 89.1828 43.0031C89.4447 43.2645 89.6519 43.5755 89.7922 43.9179C89.9325 44.2603 90.0032 44.6272 90 44.9972Z\" fill=\"#ACE0F3\"\/>\n<\/g>\n<defs>\n<clipPath id=\"clip0_2917_8098\">\n<rect width=\"90\" height=\"90\" fill=\"white\"\/>\n<\/clipPath>\n<\/defs>\n<\/svg>\n\t\t\t\t\t\t<svg class=\"star-two animate--scale-up\" width=\"153\" height=\"153\" viewBox=\"0 0 153 153\" fill=\"none\" xmlns=\"http:\/\/www.w3.org\/2000\/svg\">\n<g clip-path=\"url(#clip0_2917_8094)\">\n<path d=\"M152.29 76.1403C152.297 76.7672 152.178 77.3892 151.942 77.9697C151.705 78.5503 151.354 79.0777 150.911 79.521C150.468 79.9644 149.94 80.3147 149.36 80.5516C148.779 80.7884 148.157 80.907 147.53 80.9003C129.865 80.9214 112.93 87.9482 100.439 100.439C87.9482 112.93 80.9215 129.865 80.9003 147.53C80.907 148.157 80.7885 148.779 80.5516 149.36C80.3148 149.94 79.9644 150.468 79.5211 150.911C79.0777 151.354 78.5503 151.705 77.9698 151.942C77.3893 152.178 76.7673 152.297 76.1403 152.29C74.8805 152.285 73.6738 151.781 72.7839 150.89C71.8939 149.998 71.393 148.79 71.3903 147.53C71.3969 138.778 69.678 130.111 66.3318 122.024C62.9857 113.937 58.078 106.59 51.8895 100.401C45.7011 94.2126 38.3532 89.3049 30.2663 85.9588C22.1794 82.6126 13.5122 80.8937 4.76034 80.9003C4.11756 80.9298 3.47548 80.8286 2.87289 80.6029C2.2703 80.3773 1.71972 80.0318 1.25442 79.5873C0.789118 79.1429 0.418759 78.6087 0.165723 78.0171C-0.0873134 77.4255 -0.217773 76.7887 -0.217773 76.1453C-0.217773 75.5018 -0.0873134 74.865 0.165723 74.2734C0.418759 73.6818 0.789118 73.1476 1.25442 72.7032C1.71972 72.2587 2.2703 71.9132 2.87289 71.6876C3.47548 71.4619 4.11756 71.3608 4.76034 71.3903C13.5118 71.3955 22.1785 69.6757 30.2648 66.3291C38.3511 62.9825 45.6984 58.0747 51.8866 51.8865C58.0748 45.6983 62.9825 38.351 66.3291 30.2647C69.6758 22.1784 71.3956 13.5117 71.3903 4.76027C71.3903 3.49957 71.8905 2.29036 72.781 1.39797C73.6715 0.505584 74.8796 0.00291681 76.1403 0.000268278C76.7673 -0.00642334 77.3893 0.112128 77.9698 0.348971C78.5503 0.585814 79.0777 0.93618 79.5211 1.37953C79.9644 1.82287 80.3148 2.35028 80.5516 2.93081C80.7885 3.51134 80.907 4.13332 80.9003 4.76027C80.9056 22.43 87.9273 39.3745 100.422 51.8689C112.916 64.3633 129.861 71.385 147.53 71.3903C148.156 71.3836 148.778 71.5018 149.357 71.7381C149.937 71.9743 150.464 72.3238 150.907 72.766C151.351 73.2083 151.701 73.7345 151.939 74.3139C152.176 74.8933 152.296 75.5142 152.29 76.1403Z\" fill=\"#228F99\"\/>\n<\/g>\n<defs>\n<clipPath id=\"clip0_2917_8094\">\n<rect width=\"152.29\" height=\"152.29\" fill=\"white\"\/>\n<\/clipPath>\n<\/defs>\n<\/svg>\n\t\t\t\t\t<\/div>\n\t\t\t\t<\/div>\n\t\t\t\t<div class=\"main-grid__margin\"><\/div>\n\t\t\t<\/div>\n\t\t\t\t<!-- Header with an Image -->\n\t\t\t\t<!-- Header with Partners -->\n\t\t\t\t<!-- Header with Video -->\n\t\t\t<\/section>\n\n\n\n<hr class=\"wp-block-separator has-alpha-channel-opacity\"\/>\n\n\n\n<p><strong>Pour d\u00e9terminer si vous pouvez participer aux offres et aux programmes de Futurpreneur, veuillez examiner attentivement nos crit\u00e8res g\u00e9n\u00e9raux d\u2019admissibilit\u00e9.<\/strong><\/p>\n\n\n\n<p>Pour conna\u00eetre les crit\u00e8res d\u2019admissibilit\u00e9 de chaque offre, veuillez s\u00e9lectionner celle qui vous int\u00e9resse (p.\u202fex., le Programme de d\u00e9marrage pour entrepreneur.e.s noir.e.s ou le Programme de d\u00e9marrage pour jeunes entrepreneur.e.s autochtones) et consulter les crit\u00e8res d\u2019admissibilit\u00e9 propres \u00e0 celle-ci.<\/p>\n\n\n\n<hr class=\"wp-block-separator has-alpha-channel-opacity\"\/>\n\n\n\n<h2 class=\"wp-block-heading\">Exigences pour les entrepreneur.e.s<\/h2>\n\n\n\n<ul class=\"wp-block-list\">\n<li>Vous avez la citoyennet\u00e9 canadienne ou la r\u00e9sidence permanente au Canada et vous r\u00e9sidez physiquement au Canada.&nbsp;<\/li>\n\n\n\n<li>Vous avez entre 18 et 39\u202fans au moment de votre candidature \u00e0 Futurpreneur.&nbsp;<\/li>\n\n\n\n<li>Vous devez d\u00e9montrer une certaine formation ou exp\u00e9rience li\u00e9e \u00e0 votre id\u00e9e d\u2019entreprise.&nbsp;<\/li>\n<\/ul>\n\n\n\n<details class=\"wp-block-details is-layout-flow wp-block-details-is-layout-flow\"><summary>Plus de crit\u00e8res d\u2019admissibilit\u00e9 pour les entrepreneur.e.s<\/summary>\n<ul class=\"wp-block-list\">\n<li>Votre entreprise vous permettra d\u2019avoir un emploi durable \u00e0 temps plein, \u00e0 l&rsquo;exception du programme pour les flexipreneur.e.s.&nbsp;<\/li>\n\n\n\n<li>Vous pouvez r\u00e9aliser un plan d\u2019affaires et des pr\u00e9visions financi\u00e8res complets et viables \u00e0 la fin du processus de candidature.&nbsp;<\/li>\n\n\n\n<li>Vous acceptez de donner l\u2019autorisation \u00e0 Futurpreneur de proc\u00e9der \u00e0 une v\u00e9rification de solvabilit\u00e9 personnel (avec impact).<\/li>\n\n\n\n<li>Vous garantissez que le pr\u00eat de Futurpreneur ne sera pas utilis\u00e9 pour refinancer des dettes existantes.&nbsp;<\/li>\n\n\n\n<li>Si vous avez d\u00e9j\u00e0 fait faillite, vous devez prouver que vous en avez \u00e9t\u00e9 lib\u00e9r\u00e9.e depuis au moins cinq ans.\n<ul class=\"wp-block-list\">\n<li>Les cinq ans sont calcul\u00e9s \u00e0 compter de la date de lib\u00e9ration de la faillite.&nbsp;<\/li>\n\n\n\n<li>Dans le cas d\u2019une proposition de consommateur, vous d\u00e9montrez qu\u2019au moins un an s\u2019est \u00e9coul\u00e9 depuis la r\u00e9ception d\u2019un certificat d\u2019ex\u00e9cution int\u00e9grale.&nbsp;<\/li>\n\n\n\n<li>Ce d\u00e9lai est d\u2019un an \u00e0 compter de la date d\u2019ex\u00e9cution int\u00e9grale figurant sur le certificat d\u00e9livr\u00e9 par le syndic.&nbsp;<\/li>\n<\/ul>\n<\/li>\n\n\n\n<li>Vos imp\u00f4ts f\u00e9d\u00e9raux, provinciaux et municipaux sont pay\u00e9s et \u00e0 jour.&nbsp;<\/li>\n\n\n\n<li>Vous ne devez pas \u00eatre cit\u00e9 comme partie \u00e0 un proc\u00e8s.&nbsp;\n<ul class=\"wp-block-list\">\n<li>Les candidat.e.s ou les entreprises candidates ne doivent pas \u00eatre cit\u00e9.e.s dans un proc\u00e8s intent\u00e9 contre eux.elles.&nbsp;<\/li>\n<\/ul>\n<\/li>\n\n\n\n<li>Les candidat.e.s admissibles doivent repr\u00e9senter plus de 50\u202f% de la propri\u00e9t\u00e9 majoritaire de l\u2019entreprise candidate.&nbsp;<\/li>\n\n\n\n<li>Les candidat.e.s admissibles dont le pourcentage de propri\u00e9t\u00e9 est de 5\u202f% OU MOINS ne sont pas tenus d\u2019\u00eatre parties \u00e0 la demande.&nbsp;<\/li>\n\n\n\n<li>Vous devez d\u00e9montrer que le contenu et les activit\u00e9s de l\u2019entreprise, son site Web, son mat\u00e9riel de marketing et ses m\u00e9dias sociaux sont socialement acceptables.\u00a0<\/li>\n\n\n\n<li>Vous exercez un contr\u00f4le majoritaire sur l&rsquo;entreprise et ses activit\u00e9s, et vous n&rsquo;agissez pas simplement comme mandataire ou employ\u00e9.e de l&rsquo;entreprise.&nbsp;<\/li>\n<\/ul>\n<\/details>\n\n\n\n<hr class=\"wp-block-separator has-alpha-channel-opacity\"\/>\n\n\n\n<h2 class=\"wp-block-heading\">Exigences en mati\u00e8re de d\u00e9marrage d\u2019entreprise<\/h2>\n\n\n\n<ul class=\"wp-block-list\">\n<li>Il doit s\u2019agir d\u2019une entreprise canadienne.&nbsp;&nbsp;\n<ul class=\"wp-block-list\">\n<li>Votre entreprise doit \u00eatre enregistr\u00e9e et exploit\u00e9e au Canada.&nbsp;<\/li>\n\n\n\n<li>Les recettes de votre entreprise doivent \u00eatre d\u00e9pos\u00e9es dans un compte bancaire canadien et \u00eatre soumises \u00e0 l\u2019imp\u00f4t canadien.&nbsp;<\/li>\n<\/ul>\n<\/li>\n\n\n\n<li>Votre entreprise n\u2019est pas encore op\u00e9rationnelle ou l\u2019est \u00e0 plein temps depuis 24 mois ou moins (sauf le programme pour les flexipreneur.e.s).&nbsp;<\/li>\n<\/ul>\n\n\n\n<details class=\"wp-block-details is-layout-flow wp-block-details-is-layout-flow\"><summary>Liste des types d\u2019activit\u00e9s et d\u2019entreprises en d\u00e9marrage non admissibles<\/summary>\n<ul class=\"wp-block-list\">\n<li>Les activit\u00e9s susceptibles de placer leurs propri\u00e9taires ou leur client\u00e8le dans des situations de vuln\u00e9rabilit\u00e9 (p.\u202fex., des services impliquant des activit\u00e9s intimes)&nbsp;<\/li>\n\n\n\n<li>Les jeux de hasard et les concours (p.\u202fex., payer pour avoir une chance de gagner), y compris les casinos, les salles de bingo et les hippodromes&nbsp;<\/li>\n\n\n\n<li>Les entreprises dans lesquelles la violence est encourag\u00e9e ou repr\u00e9sent\u00e9e&nbsp;<\/li>\n\n\n\n<li>Les contenus ou les activit\u00e9s favorisant le racisme, la discrimination ou l\u2019exclusion&nbsp;<\/li>\n\n\n\n<li>Les applications et les sites de rencontres utilis\u00e9s pour avoir des relations intimes (de type \u00ab\u202fhookup\u202f\u00bb)&nbsp;<\/li>\n\n\n\n<li>Les publications ou contenus \u00e9ditoriaux (d\u2019opinion ou d\u2019information), y compris les applications de diffusion en continu, la radio, la t\u00e9l\u00e9vision et les blogues sur les m\u00e9dias sociaux, ou des activit\u00e9s similaires dont le contenu peut \u00eatre consid\u00e9r\u00e9 comme socialement inacceptable, difficile \u00e0 contr\u00f4ler ou entra\u00eenant un risque pour la r\u00e9putation&nbsp;<\/li>\n\n\n\n<li>Les \u00e9tablissements o\u00f9 la consommation d\u2019alcool sur place d\u00e9passe (ou est consid\u00e9r\u00e9e comme d\u00e9passant) 49\u202f% des recettes totales&nbsp;<\/li>\n\n\n\n<li>Les bo\u00eetes de nuit, les bars, les salons, les cabarets, les salles de billard, les salles de jeux vid\u00e9o, les festivals ou les \u00e9v\u00e9nements, incluant les activit\u00e9s de marketing, ou toute autre activit\u00e9 semblable pouvant entra\u00eener un risque pour la r\u00e9putation&nbsp;<\/li>\n\n\n\n<li>Les entreprises li\u00e9es \u00e0 la nudit\u00e9, aux produits et services sexuels ou au contenu pour adultes, ou commercialis\u00e9es de la sorte\u202f:&nbsp;\n<ul class=\"wp-block-list\">\n<li>Cela inclut toute activit\u00e9, tout produit ou tout contenu de cette nature, y compris les \u00e9v\u00e9nements pour c\u00e9libataires et les soir\u00e9es mixtes.&nbsp;<\/li>\n<\/ul>\n<\/li>\n\n\n\n<li>Les entreprises actives dans le domaine du tabac ou de la marijuana \u00e0 usage r\u00e9cr\u00e9atif, y compris la culture du tabac ou de la marijuana\u202f:&nbsp;&nbsp;\n<ul class=\"wp-block-list\">\n<li>Le tabagisme r\u00e9cr\u00e9atif (tabac et cannabis), les vapoteuses, les cigarettes \u00e9lectroniques, les salons de narguil\u00e9, chicha ou houka, la cryoth\u00e9rapie corporelle, et les activit\u00e9s, produits et services consid\u00e9r\u00e9s comme pr\u00e9sentant un risque pour la sant\u00e9 ne seront pas soutenus.&nbsp;<\/li>\n<\/ul>\n<\/li>\n\n\n\n<li>Les entreprises qui pr\u00e9sentent ou causent des risques non r\u00e9glement\u00e9s pour la sant\u00e9\u202f:&nbsp;&nbsp;\n<ul class=\"wp-block-list\">\n<li>Le tabac et la marijuana ne sont pas soutenus en raison du risque non r\u00e9glement\u00e9 pour la sant\u00e9 publique. Un d\u00e9panneur pourrait, selon le cas, \u00eatre admissible, car ces types de produits peuvent \u00eatre vendus avec d\u2019autres produits.&nbsp;<\/li>\n\n\n\n<li>Les produits de sant\u00e9, les aliments naturels et les m\u00e9dicaments envisag\u00e9s doivent \u00eatre conformes \u00e0 toutes les r\u00e9glementations en vigueur.&nbsp;&nbsp;<\/li>\n\n\n\n<li>Les produits ou services pr\u00e9sentant un risque pour la sant\u00e9 publique doivent \u00eatre r\u00e9glement\u00e9s.&nbsp;&nbsp;&nbsp;<\/li>\n<\/ul>\n<\/li>\n\n\n\n<li>Les entreprises impliqu\u00e9es dans la vente ou la production d\u2019armes \u00e0 feu ou d\u2019accessoires\u202f:&nbsp;&nbsp;<\/li>\n\n\n\n<li>Les champs de tir peuvent \u00eatre admissibles, au cas par cas.&nbsp;<\/li>\n\n\n\n<li>Les entreprises d\u2019importation et d\u2019exportation \u00e0 partir de certains pays \u00e0 haut risque\u202f:&nbsp;&nbsp;\n<ul class=\"wp-block-list\">\n<li>Futurpreneur ne soutient pas les entreprises impliqu\u00e9es dans des pays qui ne respectent pas les mesures de lutte contre le blanchiment d\u2019argent et le terrorisme du Groupe d\u2019action financi\u00e8re ou qui font l\u2019objet de sanctions de la part du gouvernement canadien. Les activit\u00e9s d\u2019importation ou d\u2019exportation qui sont ill\u00e9gales, sont proscrites par le gouvernement ou entra\u00eenent un risque pour la r\u00e9putation ne seront pas soutenues.&nbsp;<\/li>\n<\/ul>\n<\/li>\n\n\n\n<li>Les activit\u00e9s qui sont ill\u00e9gales, sont proscrites par une r\u00e9glementation gouvernementale ou entra\u00eenent un risque pour la r\u00e9putation&nbsp;<\/li>\n\n\n\n<li>Les organisations non la\u00efques ou les entreprises \u00e0 caract\u00e8re exclusif dont l\u2019adh\u00e9sion n\u2019est pas ouverte au grand public&nbsp;<\/li>\n\n\n\n<li>Les entreprises de vente et de location de v\u00e9hicules et d\u2019\u00e9quipements usag\u00e9s et neufs\u202f:&nbsp;&nbsp;\n<ul class=\"wp-block-list\">\n<li>Les mod\u00e8les de revenus mixtes o\u00f9 la vente ou la location d\u2019\u00e9quipement usag\u00e9 repr\u00e9sente une minorit\u00e9 des recettes pourraient \u00eatre soutenus, au cas par cas.&nbsp;<\/li>\n<\/ul>\n<\/li>\n\n\n\n<li>Les autopromoteur.rice.s\u202f:&nbsp;&nbsp;\n<ul class=\"wp-block-list\">\n<li>Futurpreneur ne soutiendra pas l\u2019enregistrement de vos propres chansons, la publication de vos propres livres ou d\u2019autres activit\u00e9s d\u2019autopromotion semblables.&nbsp;<\/li>\n<\/ul>\n<\/li>\n\n\n\n<li>La construction ou la location de logements r\u00e9sidentiels, y compris les r\u00e9sidences pour personnes \u00e2g\u00e9es et les centres de soins de longue dur\u00e9e&nbsp;<\/li>\n\n\n\n<li>Les services financiers, quasi financiers, de transfert de fonds ou de paiement, ou les obligations fiduciaires\u202f:&nbsp;&nbsp;\n<ul class=\"wp-block-list\">\n<li>Obligation fiduciaire\u202f: il s\u2019agit du traitement ou de la d\u00e9tention de fonds confi\u00e9s \u00e0 un tiers ou de paiements destin\u00e9s \u00e0 un tiers par l\u2019interm\u00e9diaire du compte bancaire d\u2019entreprise.&nbsp;<\/li>\n\n\n\n<li>Services financiers\u202f: Futurpreneur ne soutient pas les pr\u00eateur.euse.s, les courtier.\u00e8re.s en pr\u00eats hypoth\u00e9caires ou en placement, ou toute autre activit\u00e9 semblable. Seuls les conseils financiers sont acceptables, sans courtage.&nbsp;<\/li>\n\n\n\n<li>Services de transfert de fonds\u202f: Futurpreneur ne soutient pas les pr\u00eats sur salaire, les contrats de location-financement (location avec option d\u2019achat), les mod\u00e8les de change ou toute autre activit\u00e9 semblable.&nbsp;<\/li>\n\n\n\n<li>Services de paiement\u202f: Futurpreneur ne soutient pas le traitement des paiements lorsque l\u2019entreprise candidate est en fait la plateforme qui recueille les donn\u00e9es de paiement personnelles de la client\u00e8le et qui effectue les transactions financi\u00e8res (paiement).&nbsp;<\/li>\n\n\n\n<li>Cryptomonnaie et bitcoins\u202f: ces types de monnaie ne sont pas soutenus pour le moment (non r\u00e9glement\u00e9s).&nbsp;&nbsp;<\/li>\n<\/ul>\n<\/li>\n\n\n\n<li>Les produits ou services g\u00e9n\u00e9rateurs de revenus en phase de recherche ou de d\u00e9veloppement (assurez-vous qu\u2019ils soient pr\u00eats \u00e0 \u00eatre commercialis\u00e9s.)&nbsp;&nbsp;<\/li>\n\n\n\n<li>Les bijoutier.\u00e8re.s vendant des pierres pr\u00e9cieuses et semi-pr\u00e9cieuses et des m\u00e9taux pr\u00e9cieux&nbsp;&nbsp;<\/li>\n<\/ul>\n<\/details>\n\n\n\n<hr class=\"wp-block-separator has-alpha-channel-opacity\"\/>\n\n\n\n<h2 class=\"wp-block-heading\">Affaires juridiques et autres remarques<\/h2>\n\n\n\n<p>Consultez la page de l\u2019offre ou du programme de Futurpreneur qui vous int\u00e9resse pour en savoir plus sur les crit\u00e8res d\u2019admissibilit\u00e9 sp\u00e9cifiques \u00e0 cette offre ou \u00e0 ce programme.&nbsp;<\/p>\n\n\n\n<p>Les crit\u00e8res d\u2019admissibilit\u00e9 de la Banque de d\u00e9veloppement du Canada (BDC) peuvent diff\u00e9rer de ceux de Futurpreneur.&nbsp;<\/p>\n\n\n\n<div style=\"height:100px\" aria-hidden=\"true\" class=\"wp-block-spacer\"><\/div>\n","protected":false},"excerpt":{"rendered":"<p>Voyez les crit\u00e8res d\u2019admissibilit\u00e9 pour participer aux offres et programmes de Futurpreneur pour les entrepreneur.e.s de 18 \u00e0 39\u202fans au Canada.<\/p>\n","protected":false},"author":3,"featured_media":0,"parent":0,"menu_order":0,"comment_status":"closed","ping_status":"closed","template":"","meta":{"_acf_changed":false,"footnotes":""},"class_list":["post-228","page","type-page","status-publish","hentry"],"acf":[],"_links":{"self":[{"href":"https:\/\/futurpreneur.ca\/fr\/wp-json\/wp\/v2\/pages\/228","targetHints":{"allow":["GET"]}}],"collection":[{"href":"https:\/\/futurpreneur.ca\/fr\/wp-json\/wp\/v2\/pages"}],"about":[{"href":"https:\/\/futurpreneur.ca\/fr\/wp-json\/wp\/v2\/types\/page"}],"author":[{"embeddable":true,"href":"https:\/\/futurpreneur.ca\/fr\/wp-json\/wp\/v2\/users\/3"}],"replies":[{"embeddable":true,"href":"https:\/\/futurpreneur.ca\/fr\/wp-json\/wp\/v2\/comments?post=228"}],"version-history":[{"count":0,"href":"https:\/\/futurpreneur.ca\/fr\/wp-json\/wp\/v2\/pages\/228\/revisions"}],"wp:attachment":[{"href":"https:\/\/futurpreneur.ca\/fr\/wp-json\/wp\/v2\/media?parent=228"}],"curies":[{"name":"wp","href":"https:\/\/api.w.org\/{rel}","templated":true}]}}