{"id":245,"date":"2024-02-05T15:46:16","date_gmt":"2024-02-05T20:46:16","guid":{"rendered":"https:\/\/futurpreneur.ca\/?page_id=245"},"modified":"2025-03-06T10:59:57","modified_gmt":"2025-03-06T15:59:57","slug":"politique-sur-les-temoins","status":"publish","type":"page","link":"https:\/\/futurpreneur.ca\/fr\/politique-sur-les-temoins\/","title":{"rendered":"Politique sur les t\u00e9moins de Futurpreneur"},"content":{"rendered":"\n\t<section class=\"alignfull header-block simple__header\" aria-labelledby=\"header-title\">\n\t\t<!-- Simple Header -->\n\t\t\t\t\t<div class=\"main-grid header__simple\">\n\t\t\t\t<div class=\"main-grid__margin\"><\/div>\n\t\t\t\t<div class=\"header__simple__wrapper\">\n\t\t\t\t\t<div class=\"header__simple__content header-with-image__text\">\n\t\t\t\t\t\t<h1 id=\"header-title\">Politique sur les t\u00e9moins de Futurpreneur<\/h1>\n\t\t\t\t\t\t<p> <\/p>\n\t\t\t\t\t\t\t\t\t\t\t<\/div>\n\t\t\t\t\t<div class=\"header__simple__icons\">\n\t\t\t\t\t\t<svg class=\"star-one animate--scale-up\" width=\"90\" height=\"90\" viewBox=\"0 0 90 90\" fill=\"none\" xmlns=\"http:\/\/www.w3.org\/2000\/svg\">\n<g clip-path=\"url(#clip0_2917_8098)\">\n<path d=\"M90 44.9972C90.004 45.3677 89.9339 45.7353 89.7939 46.0784C89.654 46.4215 89.4469 46.7331 89.1849 46.9952C88.9229 47.2572 88.6112 47.4642 88.2681 47.6042C87.925 47.7442 87.5575 47.8142 87.187 47.8103C76.7474 47.8228 66.739 51.9754 59.3571 59.3573C51.9753 66.7392 47.8226 76.7476 47.8101 87.1871C47.8141 87.5576 47.744 87.9252 47.604 88.2683C47.4641 88.6114 47.257 88.923 46.995 89.1851C46.733 89.4471 46.4213 89.6541 46.0782 89.7941C45.7351 89.9341 45.3676 90.0041 44.997 90.0002C44.2525 89.997 43.5394 89.6995 43.0135 89.1724C42.4875 88.6454 42.1915 87.9317 42.1899 87.1871C42.1938 82.015 41.1779 76.8928 39.2004 72.1136C37.2229 67.3345 34.3226 62.9921 30.6654 59.3348C27.0081 55.6776 22.6657 52.7772 17.8865 50.7997C13.1073 48.8222 7.98518 47.8064 2.81305 47.8103C2.43318 47.8277 2.05372 47.7679 1.69761 47.6345C1.34149 47.5012 1.01611 47.297 0.741127 47.0344C0.466144 46.7717 0.247271 46.456 0.0977316 46.1064C-0.0518072 45.7567 -0.128906 45.3804 -0.128906 45.0002C-0.128906 44.6199 -0.0518072 44.2436 0.0977316 43.8939C0.247271 43.5443 0.466144 43.2286 0.741127 42.966C1.01611 42.7033 1.34149 42.4991 1.69761 42.3658C2.05372 42.2324 2.43318 42.1726 2.81305 42.1901C7.98497 42.1932 13.1068 41.1768 17.8856 39.199C22.6644 37.2212 27.0065 34.3209 30.6636 30.6638C34.3207 27.0067 37.2211 22.6646 39.1988 17.8858C41.1766 13.1069 42.193 7.98513 42.1899 2.81321C42.1899 2.06817 42.4855 1.35355 43.0117 0.82617C43.538 0.298789 44.252 0.00172377 44.997 0.000158546C45.3676 -0.00379605 45.7351 0.0662652 46.0782 0.206234C46.4213 0.346203 46.733 0.553262 46.995 0.81527C47.257 1.07728 47.4641 1.38896 47.604 1.73204C47.744 2.07512 47.8141 2.4427 47.8101 2.81321C47.8132 13.2556 51.9629 23.2695 59.3468 30.6534C66.7307 38.0373 76.7445 42.1869 87.187 42.1901C87.557 42.1861 87.924 42.256 88.2667 42.3956C88.6094 42.5352 88.9208 42.7417 89.1828 43.0031C89.4447 43.2645 89.6519 43.5755 89.7922 43.9179C89.9325 44.2603 90.0032 44.6272 90 44.9972Z\" fill=\"#ACE0F3\"\/>\n<\/g>\n<defs>\n<clipPath id=\"clip0_2917_8098\">\n<rect width=\"90\" height=\"90\" fill=\"white\"\/>\n<\/clipPath>\n<\/defs>\n<\/svg>\n\t\t\t\t\t\t<svg class=\"star-two animate--scale-up\" width=\"153\" height=\"153\" viewBox=\"0 0 153 153\" fill=\"none\" xmlns=\"http:\/\/www.w3.org\/2000\/svg\">\n<g clip-path=\"url(#clip0_2917_8094)\">\n<path d=\"M152.29 76.1403C152.297 76.7672 152.178 77.3892 151.942 77.9697C151.705 78.5503 151.354 79.0777 150.911 79.521C150.468 79.9644 149.94 80.3147 149.36 80.5516C148.779 80.7884 148.157 80.907 147.53 80.9003C129.865 80.9214 112.93 87.9482 100.439 100.439C87.9482 112.93 80.9215 129.865 80.9003 147.53C80.907 148.157 80.7885 148.779 80.5516 149.36C80.3148 149.94 79.9644 150.468 79.5211 150.911C79.0777 151.354 78.5503 151.705 77.9698 151.942C77.3893 152.178 76.7673 152.297 76.1403 152.29C74.8805 152.285 73.6738 151.781 72.7839 150.89C71.8939 149.998 71.393 148.79 71.3903 147.53C71.3969 138.778 69.678 130.111 66.3318 122.024C62.9857 113.937 58.078 106.59 51.8895 100.401C45.7011 94.2126 38.3532 89.3049 30.2663 85.9588C22.1794 82.6126 13.5122 80.8937 4.76034 80.9003C4.11756 80.9298 3.47548 80.8286 2.87289 80.6029C2.2703 80.3773 1.71972 80.0318 1.25442 79.5873C0.789118 79.1429 0.418759 78.6087 0.165723 78.0171C-0.0873134 77.4255 -0.217773 76.7887 -0.217773 76.1453C-0.217773 75.5018 -0.0873134 74.865 0.165723 74.2734C0.418759 73.6818 0.789118 73.1476 1.25442 72.7032C1.71972 72.2587 2.2703 71.9132 2.87289 71.6876C3.47548 71.4619 4.11756 71.3608 4.76034 71.3903C13.5118 71.3955 22.1785 69.6757 30.2648 66.3291C38.3511 62.9825 45.6984 58.0747 51.8866 51.8865C58.0748 45.6983 62.9825 38.351 66.3291 30.2647C69.6758 22.1784 71.3956 13.5117 71.3903 4.76027C71.3903 3.49957 71.8905 2.29036 72.781 1.39797C73.6715 0.505584 74.8796 0.00291681 76.1403 0.000268278C76.7673 -0.00642334 77.3893 0.112128 77.9698 0.348971C78.5503 0.585814 79.0777 0.93618 79.5211 1.37953C79.9644 1.82287 80.3148 2.35028 80.5516 2.93081C80.7885 3.51134 80.907 4.13332 80.9003 4.76027C80.9056 22.43 87.9273 39.3745 100.422 51.8689C112.916 64.3633 129.861 71.385 147.53 71.3903C148.156 71.3836 148.778 71.5018 149.357 71.7381C149.937 71.9743 150.464 72.3238 150.907 72.766C151.351 73.2083 151.701 73.7345 151.939 74.3139C152.176 74.8933 152.296 75.5142 152.29 76.1403Z\" fill=\"#228F99\"\/>\n<\/g>\n<defs>\n<clipPath id=\"clip0_2917_8094\">\n<rect width=\"152.29\" height=\"152.29\" fill=\"white\"\/>\n<\/clipPath>\n<\/defs>\n<\/svg>\n\t\t\t\t\t<\/div>\n\t\t\t\t<\/div>\n\t\t\t\t<div class=\"main-grid__margin\"><\/div>\n\t\t\t<\/div>\n\t\t\t\t<!-- Header with an Image -->\n\t\t\t\t<!-- Header with Partners -->\n\t\t\t\t<!-- Header with Video -->\n\t\t\t<\/section>\n\n\n\n<h3 class=\"wp-block-heading\"><a><strong>Derni\u00e8re mise \u00e0 jour :<\/strong><\/a><\/h3>\n\n\n\n<p>Futurpreneur accorde une grande importance \u00e0 la confidentialit\u00e9 et \u00e0 la s\u00e9curit\u00e9 des renseignements personnels des personnes qui visitent son site Web. La pr\u00e9sente Politique sur les t\u00e9moins explique comment nous recueillons, utilisons et g\u00e9rons les t\u00e9moins sur notre site Web.<\/p>\n\n\n\n<h3 class=\"wp-block-heading\">Qu\u2019est-ce qu\u2019un t\u00e9moin?<\/h3>\n\n\n\n<p>Les t\u00e9moins sont de petits fichiers texte qui sont plac\u00e9s sur votre appareil lorsque vous visitez un site Web. Leur utilisation est tr\u00e8s r\u00e9pandue, et ceux-ci servent \u00e0 am\u00e9liorer l\u2019efficacit\u00e9 des sites Web et \u00e0 fournir des renseignements aux propri\u00e9taires des sites.<\/p>\n\n\n\n<h3 class=\"wp-block-heading\">Types de t\u00e9moins que nous utilisons<\/h3>\n\n\n\n<figure class=\"wp-block-table\"><table class=\"has-fixed-layout\"><thead><tr><th><strong>Type de t\u00e9moins<\/strong><\/th><th><strong>Raison de leur utilisation<\/strong><\/th><\/tr><\/thead><tbody><tr><td>T\u00e9moins essentiels<\/td><td>N\u00e9cessaires au bon fonctionnement du site Web.<\/td><\/tr><tr><td>T\u00e9moins fonctionnels<\/td><td>Permettent au site Web d\u2019offrir une fonctionnalit\u00e9 et une personnalisation accrues.<\/td><\/tr><tr><td>T\u00e9moins d\u2019analyse<\/td><td>Nous permettent d\u2019analyser la fa\u00e7on dont les visiteurs utilisent le site Web afin d\u2019am\u00e9liorer l\u2019exp\u00e9rience utilisateur.<\/td><\/tr><tr><td>T\u00e9moins publicitaires<\/td><td>Utilis\u00e9s pour diffuser des publicit\u00e9s pertinentes, limiter la fr\u00e9quence des publicit\u00e9s et mesurer l\u2019efficacit\u00e9 des campagnes publicitaires.<\/td><\/tr><\/tbody><\/table><\/figure>\n\n\n\n<h3 class=\"wp-block-heading\">T\u00e9moins de tiers&nbsp;:<\/h3>\n\n\n\n<p>De plus, nous pouvons autoriser des tiers fournisseurs de services, comme Google Analytics, \u00e0 utiliser des t\u00e9moins sur notre site Web aux fins suivantes&nbsp;:<\/p>\n\n\n\n<figure class=\"wp-block-table\"><table class=\"has-fixed-layout\"><thead><tr><th><strong>\u00c0 qui nous les transmettons<\/strong><\/th><th><strong>Utilisation qu\u2019ils en font<\/strong><\/th><\/tr><\/thead><tbody><tr><td>Google Analytics<\/td><td>Analyser la fa\u00e7on dont les visiteurs interagissent avec notre site Web, par exemple en d\u00e9terminant le nombre de visiteurs, les pages visit\u00e9es et le temps pass\u00e9 sur chaque page. Les fonctions suivantes de Google Analytics sont activ\u00e9es sur notre site Web\u00a0:<br>1. Donn\u00e9es de base sur les visiteurs\u00a0: Nous recueillons des donn\u00e9es de base comme le nombre de visiteurs, les pages visit\u00e9es et le temps pass\u00e9 sur chaque page afin de comprendre les tendances g\u00e9n\u00e9rales d\u2019utilisation du site Web et d\u2019am\u00e9liorer notre contenu ainsi que l\u2019exp\u00e9rience utilisateur.<br>2. Rapports sur les donn\u00e9es d\u00e9mographiques et les centres d\u2019int\u00e9r\u00eat\u00a0: Nous pouvons recueillir des renseignements sur l\u2019\u00e2ge, le sexe et les int\u00e9r\u00eats des personnes qui visitent notre site Web afin de mieux comprendre notre public et d\u2019adapter notre contenu en cons\u00e9quence.<br>3. Fonctionnalit\u00e9s des rapports publicitaires\u00a0: Nous pouvons activer des fonctionnalit\u00e9s comme les Fonctionnalit\u00e9s des rapports publicitaires\u00a0de Google Analytics afin de savoir si nos campagnes publicitaires en ligne sont efficaces.<br><br>Pour plus de renseignements sur Google Analytics, veuillez consulter la <a href=\"https:\/\/policies.google.com\/privacy\">Politique de confidentialit\u00e9<\/a> de Google.<br><br>Vous pouvez d\u00e9sactiver le suivi de Google Analytics en installant le <a href=\"https:\/\/can01.safelinks.protection.outlook.com\/?url=https%3A%2F%2Ftools.google.com%2Fdlpage%2Fgaoptout&amp;data=05%7C02%7Csmonnier%40fasken.com%7C117136ac8af44781b4ba08dc5993033a%7C5f62145c4ab74a3eaf54fafe75b08692%7C0%7C0%7C638483735299834092%7CUnknown%7CTWFpbGZsb3d8eyJWIjoiMC4wLjAwMDAiLCJQIjoiV2luMzIiLCJBTiI6Ik1haWwiLCJXVCI6Mn0%3D%7C0%7C%7C%7C&amp;sdata=Cu4Lkd7UhLWT1Oe2YYHTGflCsx1iKV7xTM366Dq4JgU%3D&amp;reserved=0\">Module compl\u00e9mentaire de navigateur pour la d\u00e9sactivation de Google Analytics<\/a>. La d\u00e9sactivation du suivi de Google Analytics peut avoir une incidence sur votre exp\u00e9rience sur notre site Web.<\/td><\/tr><tr><td>R\u00e9seaux publicitaires<\/td><td>Afficher des publicit\u00e9s cibl\u00e9es en fonction de vos centres d\u2019int\u00e9r\u00eat. Ces r\u00e9seaux peuvent recueillir des renseignements au sujet de vos visites sur notre site Web et sur d\u2019autres sites Web afin de personnaliser les annonces:<br>1. Reciblage publicitaire avec Google Ads : Nous recueillons des donn\u00e9es internes (c\u2019est-\u00e0-dire\u00a0 qu\u2019elles d\u00e9coulent de votre utilisation de ce site web) pour cr\u00e9er des campagnes de reciblage Google qui diffusent des publicit\u00e9s personnalis\u00e9es sur des sites web tiers (c\u2019est-\u00e0-dire sur d\u2019autres sites que nous ne contr\u00f4lons pas) en fonction de vos interactions avec notre site. Cela nous permet d\u2019afficher des publicit\u00e9s plus pertinentes sur des sites de tiers, au moyen des services de Google.<br>2. Reciblage publicitaire sur les r\u00e9seaux sociaux : Les t\u00e9moins de plateformes telles que Facebook et LinkedIn nous permettent de vous montrer des publicit\u00e9s adapt\u00e9es \u00e0 vos centres d\u2019int\u00e9r\u00eat et \u00e0 vos interactions avec notre site web. Ces t\u00e9moins nous aident \u00e0 nous assurer que nos annonces atteignent les audiences appropri\u00e9es sur les r\u00e9seaux sociaux.<br>3. Suivi de la performance : Les t\u00e9moins de performance nous aident \u00e0 analyser la fa\u00e7on dont les utilisateurs interagissent avec notre site web, y compris les pages vues, les clics et le suivi des conversions. Ces donn\u00e9es nous permettent de mesurer l\u2019efficacit\u00e9 de nos efforts marketing et d\u2019optimiser l\u2019exp\u00e9rience utilisateur.<br>4. Assistance fonctionnelle : Certains t\u00e9moins tiers offrent des fonctions am\u00e9lior\u00e9es, telles que des vid\u00e9os int\u00e9gr\u00e9es ou des fonctionnalit\u00e9s interactives, assurant une exp\u00e9rience de navigation fluide.<\/td><\/tr><\/tbody><\/table><\/figure>\n\n\n\n<h3 class=\"wp-block-heading\">Moyen utilis\u00e9 pour obtenir votre autorisation<\/h3>\n\n\n\n<p>Avant d\u2019utiliser certains t\u00e9moins, nous avons besoin de votre autorisation. Lors de votre premi\u00e8re visite sur notre site Web, notre outil de consentement \u00e0 l\u2019utilisation des t\u00e9moins s\u2019affichera et vous demandera d\u2019accepter ou de refuser tous les t\u00e9moins non essentiels ou une partie d\u2019entre eux. Vous pouvez g\u00e9rer vos pr\u00e9f\u00e9rences en mati\u00e8re de t\u00e9moins au moyen de l\u2019outil de consentement \u00e0 l\u2019utilisation des t\u00e9moins sur notre site Web ou dans les param\u00e8tres de votre navigateur.<\/p>\n\n\n\n<h3 class=\"wp-block-heading\">Mises \u00e0 jour de la pr\u00e9sente Politique sur les t\u00e9moins<\/h3>\n\n\n\n<p>Nous pouvons mettre \u00e0 jour la pr\u00e9sente Politique sur les t\u00e9moins de temps \u00e0 autre pour tenir compte des changements dans notre utilisation des t\u00e9moins ou des modifications apport\u00e9es aux lois et r\u00e8glements pertinents. Nous vous encourageons \u00e0 consulter p\u00e9riodiquement la pr\u00e9sente Politique sur les t\u00e9moins pour prendre connaissance des \u00e9ventuelles mises \u00e0 jour. Veuillez vous reporter \u00e0 la date indiqu\u00e9e au haut de cette page pour conna\u00eetre la date de la derni\u00e8re mise \u00e0 jour de la pr\u00e9sente Politique sur les t\u00e9moins.<\/p>\n\n\n\n<h3 class=\"wp-block-heading\">Comment communiquer avec nous&nbsp;<\/h3>\n\n\n\n<p>Pour nous aider \u00e0 respecter nos engagements envers vous, Futurpreneur a d\u00e9sign\u00e9 un agent de la protection des renseignements personnels charg\u00e9 de superviser les pratiques de Futurpreneur en mati\u00e8re de protection des renseignements personnels et notre respect de la pr\u00e9sente Politique sur les t\u00e9moins. Vous pouvez adresser vos commentaires, questions, plaintes ou demandes concernant vos renseignements personnels ou nos politiques et pratiques en mati\u00e8re de renseignements personnels \u00e0 l\u2019adresse suivante :&nbsp;<a href=\"mailto:privacy@futurpreneur.ca\"><strong>privacy@futurpreneur.ca<\/strong><\/a>.&nbsp;<\/p>\n\n\n\n<p>Vous pouvez \u00e9galement nous appeler au 416&nbsp;408-2923 ou nous envoyer une lettre \u00e0&nbsp;l\u2019adresse suivante&nbsp;:<\/p>\n\n\n\n<p><strong>Futurpreneur<\/strong><br>\u00c0 l\u2019attention de l\u2019agent de la protection des renseignements personnels<br>33 Yonge Street, Suite 1100<br>Toronto (Ontario)<br>M5E 1G4<\/p>\n\n\n\n<p>Pour de plus amples renseignements sur nos pratiques en mati\u00e8re de protection des renseignements personnels et sur les droits dont vous disposez, veuillez lire notre <a href=\"https:\/\/futurpreneur.ca\/fr\/enonce-de-confidentialite\/\" data-type=\"page\" data-id=\"140\">Politique de confidentialit\u00e9<\/a>.<\/p>\n\n\n\n<div style=\"height:100px\" aria-hidden=\"true\" class=\"wp-block-spacer\"><\/div>\n","protected":false},"excerpt":{"rendered":"<p>Derni\u00e8re mise \u00e0 jour : Futurpreneur accorde une grande importance \u00e0 la confidentialit\u00e9 et \u00e0 la s\u00e9curit\u00e9 des renseignements personnels des personnes qui visitent son site Web. La pr\u00e9sente Politique sur les t\u00e9moins explique comment nous recueillons, utilisons et g\u00e9rons les t\u00e9moins sur notre site Web. Qu\u2019est-ce qu\u2019un t\u00e9moin? Les t\u00e9moins sont de petits fichiers [&hellip;]<\/p>\n","protected":false},"author":3,"featured_media":0,"parent":0,"menu_order":0,"comment_status":"closed","ping_status":"closed","template":"","meta":{"_acf_changed":false,"footnotes":""},"class_list":["post-245","page","type-page","status-publish","hentry"],"acf":[],"_links":{"self":[{"href":"https:\/\/futurpreneur.ca\/fr\/wp-json\/wp\/v2\/pages\/245","targetHints":{"allow":["GET"]}}],"collection":[{"href":"https:\/\/futurpreneur.ca\/fr\/wp-json\/wp\/v2\/pages"}],"about":[{"href":"https:\/\/futurpreneur.ca\/fr\/wp-json\/wp\/v2\/types\/page"}],"author":[{"embeddable":true,"href":"https:\/\/futurpreneur.ca\/fr\/wp-json\/wp\/v2\/users\/3"}],"replies":[{"embeddable":true,"href":"https:\/\/futurpreneur.ca\/fr\/wp-json\/wp\/v2\/comments?post=245"}],"version-history":[{"count":0,"href":"https:\/\/futurpreneur.ca\/fr\/wp-json\/wp\/v2\/pages\/245\/revisions"}],"wp:attachment":[{"href":"https:\/\/futurpreneur.ca\/fr\/wp-json\/wp\/v2\/media?parent=245"}],"curies":[{"name":"wp","href":"https:\/\/api.w.org\/{rel}","templated":true}]}}